{"id":2546,"date":"2025-04-12T22:47:57","date_gmt":"2025-04-12T20:47:57","guid":{"rendered":"https:\/\/touteslesficelles.com\/?page_id=2546"},"modified":"2025-04-13T13:01:53","modified_gmt":"2025-04-13T11:01:53","slug":"qui-sommes-nous","status":"publish","type":"page","link":"https:\/\/touteslesficelles.com\/?page_id=2546","title":{"rendered":"Qui sommes-nous?"},"content":{"rendered":"\t\t<div data-elementor-type=\"wp-page\" data-elementor-id=\"2546\" class=\"elementor elementor-2546\" data-elementor-post-type=\"page\">\n\t\t\t\t<div class=\"elementor-element elementor-element-3be1732 e-flex e-con-boxed e-con e-parent\" data-id=\"3be1732\" data-element_type=\"container\" data-e-type=\"container\">\n\t\t\t\t\t<div class=\"e-con-inner\">\n\t\t\t\t<div class=\"elementor-element elementor-element-87d7f15 elementor-widget elementor-widget-spacer\" data-id=\"87d7f15\" data-element_type=\"widget\" data-e-type=\"widget\" data-widget_type=\"spacer.default\">\n\t\t\t\t<div class=\"elementor-widget-container\">\n\t\t\t\t\t\t\t<div class=\"elementor-spacer\">\n\t\t\t<div class=\"elementor-spacer-inner\"><\/div>\n\t\t<\/div>\n\t\t\t\t\t\t<\/div>\n\t\t\t\t<\/div>\n\t\t\t\t<div class=\"elementor-element elementor-element-12caa9f elementor-widget elementor-widget-text-editor\" data-id=\"12caa9f\" data-element_type=\"widget\" data-e-type=\"widget\" data-widget_type=\"text-editor.default\">\n\t\t\t\t<div class=\"elementor-widget-container\">\n\t\t\t\t\t\t\t\t\t<p class=\"\" data-start=\"311\" data-end=\"416\">Les<strong data-start=\"311\" data-end=\"325\"> Ficel\u00b7le\u00b7s <\/strong>font la\u00a0<strong data-start=\"359\" data-end=\"415\">promotion des m\u00e9tiers techniques du spectacle vivant<\/strong>.<\/p><p data-start=\"418\" data-end=\"764\">\u00a0<\/p><p class=\"\" data-start=\"418\" data-end=\"764\">Notre approche ? <strong data-start=\"435\" data-end=\"468\">Cr\u00e9er, transmettre, partager.<\/strong><\/p><p class=\"\" data-start=\"418\" data-end=\"764\"><br data-start=\"468\" data-end=\"471\" \/>Nous fabriquons des d\u00e9cors et des accessoires pour les compagnies, les festivals, les \u00e9v\u00e9nements. Et surtout, nous nous attachons \u00e0 transmettre ces savoir-faire \u00e0 travers des <strong data-start=\"623\" data-end=\"683\">formations, chantiers p\u00e9dagogiques, ateliers tout public<\/strong>, pour que ces m\u00e9tiers vivent encore longtemps.<\/p><p data-start=\"418\" data-end=\"764\">\u00a0<\/p><h3 class=\"\" data-start=\"1147\" data-end=\"1169\"><strong>Ce que nous proposons :<\/strong><\/h3><ul><li data-start=\"1171\" data-end=\"1330\"><strong data-start=\"1174\" data-end=\"1215\">La construction de d\u00e9cors et accessoires<\/strong><br data-start=\"1215\" data-end=\"1218\" \/>Pour compagnies, festivals, lieux culturels, projets singuliers. Du sur-mesure, pens\u00e9 avec et pour les artistes.<\/li><li data-start=\"1332\" data-end=\"1501\"><strong>La transmission de savoirs et savoir-faire des m\u00e9tiers d&rsquo;art li\u00e9s au spectacle vivant.<\/strong><br data-start=\"1364\" data-end=\"1367\" \/>Formations techniques, chantiers-\u00e9coles, ateliers interg\u00e9n\u00e9rationnels&#8230; On forme, on co-construit, on partage nos ficelles du m\u00e9tier.<\/li><\/ul><p class=\"\" data-start=\"1503\" data-end=\"1752\"><strong data-start=\"1506\" data-end=\"1530\">\u00c0 qui nous nous adressons ?<\/strong><\/p><p class=\"\" data-start=\"1503\" data-end=\"1752\"><br data-start=\"1530\" data-end=\"1533\" \/>Aux professionnel\u00b7le\u00b7s du spectacle, aux technicien\u00b7ne\u00b7s curieux\u00b7ses, aux \u00e9tudiant\u00b7e\u00b7s, aux bricoleur\u00b7se\u00b7s, aux amateurs \u00e9clair\u00e9s&#8230; Bref, \u00e0 tous ceux et celles qui veulent comprendre et apprendre <strong>toutes les ficelles!<\/strong><\/p><p data-start=\"1503\" data-end=\"1752\">\u00a0<\/p><p class=\"\" data-start=\"1759\" data-end=\"1944\"><strong data-start=\"1762\" data-end=\"1797\">Envie de rejoindre l\u2019aventure ?<\/strong><\/p><p data-start=\"1759\" data-end=\"1944\"><br data-start=\"1797\" data-end=\"1800\" \/>Participez \u00e0 nos projets, suivez une formation, ou devenez adh\u00e9rent\u00b7e ici :\u00a0<strong><a href=\"https:\/\/www.helloasso.com\/associations\/ficelles\/adhesions\/bulletin-d-adhesion\" target=\"_new\" rel=\"noopener\" data-start=\"1881\" data-end=\"1944\">Adh\u00e9rer \u00e0 Ficel\u00b7le\u00b7s<\/a><\/strong><\/p>\t\t\t\t\t\t\t\t<\/div>\n\t\t\t\t<\/div>\n\t\t\t\t<div class=\"elementor-element elementor-element-014acc7 elementor-widget elementor-widget-spacer\" data-id=\"014acc7\" data-element_type=\"widget\" data-e-type=\"widget\" data-widget_type=\"spacer.default\">\n\t\t\t\t<div class=\"elementor-widget-container\">\n\t\t\t\t\t\t\t<div class=\"elementor-spacer\">\n\t\t\t<div class=\"elementor-spacer-inner\"><\/div>\n\t\t<\/div>\n\t\t\t\t\t\t<\/div>\n\t\t\t\t<\/div>\n\t\t\t\t\t<\/div>\n\t\t\t\t<\/div>\n\t\t\t\t<\/div>\n\t\t","protected":false},"excerpt":{"rendered":"<p>Les Ficel\u00b7le\u00b7s font la\u00a0promotion des m\u00e9tiers techniques du spectacle vivant. \u00a0 Notre approche ? Cr\u00e9er, transmettre, partager. Nous fabriquons des d\u00e9cors et des accessoires pour les compagnies, les festivals, les \u00e9v\u00e9nements. Et surtout, nous nous attachons \u00e0 transmettre ces savoir-faire \u00e0 travers des formations, chantiers p\u00e9dagogiques, ateliers tout public, pour que ces m\u00e9tiers vivent encore [&hellip;]<\/p>\n","protected":false},"author":1,"featured_media":0,"parent":0,"menu_order":0,"comment_status":"closed","ping_status":"closed","template":"","meta":{"om_disable_all_campaigns":false,"_monsterinsights_skip_tracking":false,"_monsterinsights_sitenote_active":false,"_monsterinsights_sitenote_note":"","_monsterinsights_sitenote_category":0,"_themeisle_gutenberg_block_has_review":false,"_ti_tpc_template_sync":false,"_ti_tpc_template_id":"","footnotes":""},"class_list":["post-2546","page","type-page","status-publish","hentry"],"blocksy_meta":[],"aioseo_notices":[],"_links":{"self":[{"href":"https:\/\/touteslesficelles.com\/index.php?rest_route=\/wp\/v2\/pages\/2546","targetHints":{"allow":["GET"]}}],"collection":[{"href":"https:\/\/touteslesficelles.com\/index.php?rest_route=\/wp\/v2\/pages"}],"about":[{"href":"https:\/\/touteslesficelles.com\/index.php?rest_route=\/wp\/v2\/types\/page"}],"author":[{"embeddable":true,"href":"https:\/\/touteslesficelles.com\/index.php?rest_route=\/wp\/v2\/users\/1"}],"replies":[{"embeddable":true,"href":"https:\/\/touteslesficelles.com\/index.php?rest_route=%2Fwp%2Fv2%2Fcomments&post=2546"}],"version-history":[{"count":15,"href":"https:\/\/touteslesficelles.com\/index.php?rest_route=\/wp\/v2\/pages\/2546\/revisions"}],"predecessor-version":[{"id":2652,"href":"https:\/\/touteslesficelles.com\/index.php?rest_route=\/wp\/v2\/pages\/2546\/revisions\/2652"}],"wp:attachment":[{"href":"https:\/\/touteslesficelles.com\/index.php?rest_route=%2Fwp%2Fv2%2Fmedia&parent=2546"}],"curies":[{"name":"wp","href":"https:\/\/api.w.org\/{rel}","templated":true}]}}