{"id":2577,"date":"2025-04-12T23:08:39","date_gmt":"2025-04-12T21:08:39","guid":{"rendered":"https:\/\/touteslesficelles.com\/?page_id=2577"},"modified":"2025-04-13T15:15:10","modified_gmt":"2025-04-13T13:15:10","slug":"ateliers-decors","status":"publish","type":"page","link":"https:\/\/touteslesficelles.com\/?page_id=2577","title":{"rendered":"Ateliers d\u00e9cors"},"content":{"rendered":"\t\t<div data-elementor-type=\"wp-page\" data-elementor-id=\"2577\" class=\"elementor elementor-2577\" data-elementor-post-type=\"page\">\n\t\t\t\t<div class=\"elementor-element elementor-element-a9a9a20 e-flex e-con-boxed e-con e-parent\" data-id=\"a9a9a20\" data-element_type=\"container\" data-e-type=\"container\">\n\t\t\t\t\t<div class=\"e-con-inner\">\n\t\t\t\t<div class=\"elementor-element elementor-element-76b93d2 elementor-widget elementor-widget-spacer\" data-id=\"76b93d2\" data-element_type=\"widget\" data-e-type=\"widget\" data-widget_type=\"spacer.default\">\n\t\t\t\t<div class=\"elementor-widget-container\">\n\t\t\t\t\t\t\t<div class=\"elementor-spacer\">\n\t\t\t<div class=\"elementor-spacer-inner\"><\/div>\n\t\t<\/div>\n\t\t\t\t\t\t<\/div>\n\t\t\t\t<\/div>\n\t\t<div class=\"elementor-element elementor-element-63fa05e e-con-full e-flex e-con e-child\" data-id=\"63fa05e\" data-element_type=\"container\" data-e-type=\"container\">\n\t\t\t\t<div class=\"elementor-element elementor-element-705e0d8 elementor-widget elementor-widget-text-editor\" data-id=\"705e0d8\" data-element_type=\"widget\" data-e-type=\"widget\" data-widget_type=\"text-editor.default\">\n\t\t\t\t<div class=\"elementor-widget-container\">\n\t\t\t\t\t\t\t\t\t<p><strong data-start=\"1174\" data-end=\"1215\">Construction de d\u00e9cors et accessoires<\/strong><br data-start=\"1215\" data-end=\"1218\" \/>Pour compagnies, festivals, lieux culturels, projets singuliers. Du sur-mesure, pens\u00e9 avec et pour les artistes.<\/p><p>N&rsquo;h\u00e9sitez pas \u00e0 nous contacter<\/p><p><a href=\"https:\/\/touteslesficelles.com\/?page_id=2447\">Par ici &gt;&gt;&gt;<\/a><\/p>\t\t\t\t\t\t\t\t<\/div>\n\t\t\t\t<\/div>\n\t\t\t\t<\/div>\n\t\t\t\t<div class=\"elementor-element elementor-element-f68418e elementor-widget elementor-widget-gallery\" data-id=\"f68418e\" data-element_type=\"widget\" data-e-type=\"widget\" data-settings=\"{&quot;gallery_layout&quot;:&quot;justified&quot;,&quot;lazyload&quot;:&quot;yes&quot;,&quot;ideal_row_height&quot;:{&quot;unit&quot;:&quot;px&quot;,&quot;size&quot;:200,&quot;sizes&quot;:[]},&quot;ideal_row_height_tablet&quot;:{&quot;unit&quot;:&quot;px&quot;,&quot;size&quot;:150,&quot;sizes&quot;:[]},&quot;ideal_row_height_mobile&quot;:{&quot;unit&quot;:&quot;px&quot;,&quot;size&quot;:150,&quot;sizes&quot;:[]},&quot;gap&quot;:{&quot;unit&quot;:&quot;px&quot;,&quot;size&quot;:10,&quot;sizes&quot;:[]},&quot;gap_tablet&quot;:{&quot;unit&quot;:&quot;px&quot;,&quot;size&quot;:10,&quot;sizes&quot;:[]},&quot;gap_mobile&quot;:{&quot;unit&quot;:&quot;px&quot;,&quot;size&quot;:10,&quot;sizes&quot;:[]},&quot;link_to&quot;:&quot;file&quot;,&quot;overlay_background&quot;:&quot;yes&quot;,&quot;content_hover_animation&quot;:&quot;fade-in&quot;}\" data-widget_type=\"gallery.default\">\n\t\t\t\t<div class=\"elementor-widget-container\">\n\t\t\t\t\t\t\t<div class=\"elementor-gallery__container\">\n\t\t\t\t\t\t\t<a class=\"e-gallery-item elementor-gallery-item elementor-animated-content\" href=\"https:\/\/touteslesficelles.com\/wp-content\/uploads\/2025\/04\/464942046_8846476628748965_642741522151339940_n.jpg\" data-elementor-open-lightbox=\"yes\" data-elementor-lightbox-slideshow=\"f68418e\" data-elementor-lightbox-title=\"464942046_8846476628748965_642741522151339940_n\" data-e-action-hash=\"#elementor-action%3Aaction%3Dlightbox%26settings%3DeyJpZCI6MjYxNSwidXJsIjoiaHR0cHM6XC9cL3RvdXRlc2xlc2ZpY2VsbGVzLmNvbVwvd3AtY29udGVudFwvdXBsb2Fkc1wvMjAyNVwvMDRcLzQ2NDk0MjA0Nl84ODQ2NDc2NjI4NzQ4OTY1XzY0Mjc0MTUyMjE1MTMzOTk0MF9uLmpwZyIsInNsaWRlc2hvdyI6ImY2ODQxOGUifQ%3D%3D\">\n\t\t\t\t\t<div class=\"e-gallery-image elementor-gallery-item__image\" data-thumbnail=\"https:\/\/touteslesficelles.com\/wp-content\/uploads\/2025\/04\/464942046_8846476628748965_642741522151339940_n-300x135.jpg\" data-width=\"300\" data-height=\"135\" aria-label=\"\" role=\"img\" ><\/div>\n\t\t\t\t\t\t\t\t\t\t\t<div class=\"elementor-gallery-item__overlay\"><\/div>\n\t\t\t\t\t\t\t\t\t\t\t\t\t\t<\/a>\n\t\t\t\t\t\t\t<a class=\"e-gallery-item elementor-gallery-item elementor-animated-content\" href=\"https:\/\/touteslesficelles.com\/wp-content\/uploads\/2025\/04\/482808837_9603801993016421_3815813475996620050_n.jpg\" data-elementor-open-lightbox=\"yes\" data-elementor-lightbox-slideshow=\"f68418e\" data-elementor-lightbox-title=\"482808837_9603801993016421_3815813475996620050_n\" data-e-action-hash=\"#elementor-action%3Aaction%3Dlightbox%26settings%3DeyJpZCI6MjYyNCwidXJsIjoiaHR0cHM6XC9cL3RvdXRlc2xlc2ZpY2VsbGVzLmNvbVwvd3AtY29udGVudFwvdXBsb2Fkc1wvMjAyNVwvMDRcLzQ4MjgwODgzN185NjAzODAxOTkzMDE2NDIxXzM4MTU4MTM0NzU5OTY2MjAwNTBfbi5qcGciLCJzbGlkZXNob3ciOiJmNjg0MThlIn0%3D\">\n\t\t\t\t\t<div class=\"e-gallery-image elementor-gallery-item__image\" data-thumbnail=\"https:\/\/touteslesficelles.com\/wp-content\/uploads\/2025\/04\/482808837_9603801993016421_3815813475996620050_n-225x300.jpg\" data-width=\"225\" data-height=\"300\" aria-label=\"\" role=\"img\" ><\/div>\n\t\t\t\t\t\t\t\t\t\t\t<div class=\"elementor-gallery-item__overlay\"><\/div>\n\t\t\t\t\t\t\t\t\t\t\t\t\t\t<\/a>\n\t\t\t\t\t\t\t<a class=\"e-gallery-item elementor-gallery-item elementor-animated-content\" href=\"https:\/\/touteslesficelles.com\/wp-content\/uploads\/2025\/04\/464786989_8846476835415611_8334802189316491507_n.jpg\" data-elementor-open-lightbox=\"yes\" data-elementor-lightbox-slideshow=\"f68418e\" data-elementor-lightbox-title=\"464786989_8846476835415611_8334802189316491507_n\" data-e-action-hash=\"#elementor-action%3Aaction%3Dlightbox%26settings%3DeyJpZCI6MjYxNCwidXJsIjoiaHR0cHM6XC9cL3RvdXRlc2xlc2ZpY2VsbGVzLmNvbVwvd3AtY29udGVudFwvdXBsb2Fkc1wvMjAyNVwvMDRcLzQ2NDc4Njk4OV84ODQ2NDc2ODM1NDE1NjExXzgzMzQ4MDIxODkzMTY0OTE1MDdfbi5qcGciLCJzbGlkZXNob3ciOiJmNjg0MThlIn0%3D\">\n\t\t\t\t\t<div class=\"e-gallery-image elementor-gallery-item__image\" data-thumbnail=\"https:\/\/touteslesficelles.com\/wp-content\/uploads\/2025\/04\/464786989_8846476835415611_8334802189316491507_n-300x135.jpg\" data-width=\"300\" data-height=\"135\" aria-label=\"\" role=\"img\" ><\/div>\n\t\t\t\t\t\t\t\t\t\t\t<div class=\"elementor-gallery-item__overlay\"><\/div>\n\t\t\t\t\t\t\t\t\t\t\t\t\t\t<\/a>\n\t\t\t\t\t\t\t<a class=\"e-gallery-item elementor-gallery-item elementor-animated-content\" href=\"https:\/\/touteslesficelles.com\/wp-content\/uploads\/2025\/04\/482321471_9603803739682913_3717068679483106671_n.jpg\" data-elementor-open-lightbox=\"yes\" data-elementor-lightbox-slideshow=\"f68418e\" data-elementor-lightbox-title=\"482321471_9603803739682913_3717068679483106671_n\" data-e-action-hash=\"#elementor-action%3Aaction%3Dlightbox%26settings%3DeyJpZCI6MjYyMCwidXJsIjoiaHR0cHM6XC9cL3RvdXRlc2xlc2ZpY2VsbGVzLmNvbVwvd3AtY29udGVudFwvdXBsb2Fkc1wvMjAyNVwvMDRcLzQ4MjMyMTQ3MV85NjAzODAzNzM5NjgyOTEzXzM3MTcwNjg2Nzk0ODMxMDY2NzFfbi5qcGciLCJzbGlkZXNob3ciOiJmNjg0MThlIn0%3D\">\n\t\t\t\t\t<div class=\"e-gallery-image elementor-gallery-item__image\" data-thumbnail=\"https:\/\/touteslesficelles.com\/wp-content\/uploads\/2025\/04\/482321471_9603803739682913_3717068679483106671_n-225x300.jpg\" data-width=\"225\" data-height=\"300\" aria-label=\"\" role=\"img\" ><\/div>\n\t\t\t\t\t\t\t\t\t\t\t<div class=\"elementor-gallery-item__overlay\"><\/div>\n\t\t\t\t\t\t\t\t\t\t\t\t\t\t<\/a>\n\t\t\t\t\t\t\t<a class=\"e-gallery-item elementor-gallery-item elementor-animated-content\" href=\"https:\/\/touteslesficelles.com\/wp-content\/uploads\/2025\/04\/464967292_8846477558748872_2288502148329855339_n.jpg\" data-elementor-open-lightbox=\"yes\" data-elementor-lightbox-slideshow=\"f68418e\" data-elementor-lightbox-title=\"464967292_8846477558748872_2288502148329855339_n\" data-e-action-hash=\"#elementor-action%3Aaction%3Dlightbox%26settings%3DeyJpZCI6MjYxNiwidXJsIjoiaHR0cHM6XC9cL3RvdXRlc2xlc2ZpY2VsbGVzLmNvbVwvd3AtY29udGVudFwvdXBsb2Fkc1wvMjAyNVwvMDRcLzQ2NDk2NzI5Ml84ODQ2NDc3NTU4NzQ4ODcyXzIyODg1MDIxNDgzMjk4NTUzMzlfbi5qcGciLCJzbGlkZXNob3ciOiJmNjg0MThlIn0%3D\">\n\t\t\t\t\t<div class=\"e-gallery-image elementor-gallery-item__image\" data-thumbnail=\"https:\/\/touteslesficelles.com\/wp-content\/uploads\/2025\/04\/464967292_8846477558748872_2288502148329855339_n-225x300.jpg\" data-width=\"225\" data-height=\"300\" aria-label=\"\" role=\"img\" ><\/div>\n\t\t\t\t\t\t\t\t\t\t\t<div class=\"elementor-gallery-item__overlay\"><\/div>\n\t\t\t\t\t\t\t\t\t\t\t\t\t\t<\/a>\n\t\t\t\t\t\t\t<a class=\"e-gallery-item elementor-gallery-item elementor-animated-content\" href=\"https:\/\/touteslesficelles.com\/wp-content\/uploads\/2025\/04\/465013513_8846477342082227_9019901259021976968_n.jpg\" data-elementor-open-lightbox=\"yes\" data-elementor-lightbox-slideshow=\"f68418e\" data-elementor-lightbox-title=\"465013513_8846477342082227_9019901259021976968_n\" data-e-action-hash=\"#elementor-action%3Aaction%3Dlightbox%26settings%3DeyJpZCI6MjYxNywidXJsIjoiaHR0cHM6XC9cL3RvdXRlc2xlc2ZpY2VsbGVzLmNvbVwvd3AtY29udGVudFwvdXBsb2Fkc1wvMjAyNVwvMDRcLzQ2NTAxMzUxM184ODQ2NDc3MzQyMDgyMjI3XzkwMTk5MDEyNTkwMjE5NzY5Njhfbi5qcGciLCJzbGlkZXNob3ciOiJmNjg0MThlIn0%3D\">\n\t\t\t\t\t<div class=\"e-gallery-image elementor-gallery-item__image\" data-thumbnail=\"https:\/\/touteslesficelles.com\/wp-content\/uploads\/2025\/04\/465013513_8846477342082227_9019901259021976968_n-300x225.jpg\" data-width=\"300\" data-height=\"225\" aria-label=\"\" role=\"img\" ><\/div>\n\t\t\t\t\t\t\t\t\t\t\t<div class=\"elementor-gallery-item__overlay\"><\/div>\n\t\t\t\t\t\t\t\t\t\t\t\t\t\t<\/a>\n\t\t\t\t\t\t\t<a class=\"e-gallery-item elementor-gallery-item elementor-animated-content\" href=\"https:\/\/touteslesficelles.com\/wp-content\/uploads\/2025\/04\/482323815_9603802539683033_7615962716175096468_n.jpg\" data-elementor-open-lightbox=\"yes\" data-elementor-lightbox-slideshow=\"f68418e\" data-elementor-lightbox-title=\"482323815_9603802539683033_7615962716175096468_n\" data-e-action-hash=\"#elementor-action%3Aaction%3Dlightbox%26settings%3DeyJpZCI6MjYyMSwidXJsIjoiaHR0cHM6XC9cL3RvdXRlc2xlc2ZpY2VsbGVzLmNvbVwvd3AtY29udGVudFwvdXBsb2Fkc1wvMjAyNVwvMDRcLzQ4MjMyMzgxNV85NjAzODAyNTM5NjgzMDMzXzc2MTU5NjI3MTYxNzUwOTY0Njhfbi5qcGciLCJzbGlkZXNob3ciOiJmNjg0MThlIn0%3D\">\n\t\t\t\t\t<div class=\"e-gallery-image elementor-gallery-item__image\" data-thumbnail=\"https:\/\/touteslesficelles.com\/wp-content\/uploads\/2025\/04\/482323815_9603802539683033_7615962716175096468_n-225x300.jpg\" data-width=\"225\" data-height=\"300\" aria-label=\"\" role=\"img\" ><\/div>\n\t\t\t\t\t\t\t\t\t\t\t<div class=\"elementor-gallery-item__overlay\"><\/div>\n\t\t\t\t\t\t\t\t\t\t\t\t\t\t<\/a>\n\t\t\t\t\t\t\t<a class=\"e-gallery-item elementor-gallery-item elementor-animated-content\" href=\"https:\/\/touteslesficelles.com\/wp-content\/uploads\/2025\/04\/465036028_8846477242082237_1013274341827880708_n.jpg\" data-elementor-open-lightbox=\"yes\" data-elementor-lightbox-slideshow=\"f68418e\" data-elementor-lightbox-title=\"465036028_8846477242082237_1013274341827880708_n\" data-e-action-hash=\"#elementor-action%3Aaction%3Dlightbox%26settings%3DeyJpZCI6MjYxOCwidXJsIjoiaHR0cHM6XC9cL3RvdXRlc2xlc2ZpY2VsbGVzLmNvbVwvd3AtY29udGVudFwvdXBsb2Fkc1wvMjAyNVwvMDRcLzQ2NTAzNjAyOF84ODQ2NDc3MjQyMDgyMjM3XzEwMTMyNzQzNDE4Mjc4ODA3MDhfbi5qcGciLCJzbGlkZXNob3ciOiJmNjg0MThlIn0%3D\">\n\t\t\t\t\t<div class=\"e-gallery-image elementor-gallery-item__image\" data-thumbnail=\"https:\/\/touteslesficelles.com\/wp-content\/uploads\/2025\/04\/465036028_8846477242082237_1013274341827880708_n-225x300.jpg\" data-width=\"225\" data-height=\"300\" aria-label=\"\" role=\"img\" ><\/div>\n\t\t\t\t\t\t\t\t\t\t\t<div class=\"elementor-gallery-item__overlay\"><\/div>\n\t\t\t\t\t\t\t\t\t\t\t\t\t\t<\/a>\n\t\t\t\t\t\t\t<a class=\"e-gallery-item elementor-gallery-item elementor-animated-content\" href=\"https:\/\/touteslesficelles.com\/wp-content\/uploads\/2025\/04\/482808062_9603801809683106_7135690149130914203_n.jpg\" data-elementor-open-lightbox=\"yes\" data-elementor-lightbox-slideshow=\"f68418e\" data-elementor-lightbox-title=\"482808062_9603801809683106_7135690149130914203_n\" data-e-action-hash=\"#elementor-action%3Aaction%3Dlightbox%26settings%3DeyJpZCI6MjYyMywidXJsIjoiaHR0cHM6XC9cL3RvdXRlc2xlc2ZpY2VsbGVzLmNvbVwvd3AtY29udGVudFwvdXBsb2Fkc1wvMjAyNVwvMDRcLzQ4MjgwODA2Ml85NjAzODAxODA5NjgzMTA2XzcxMzU2OTAxNDkxMzA5MTQyMDNfbi5qcGciLCJzbGlkZXNob3ciOiJmNjg0MThlIn0%3D\">\n\t\t\t\t\t<div class=\"e-gallery-image elementor-gallery-item__image\" data-thumbnail=\"https:\/\/touteslesficelles.com\/wp-content\/uploads\/2025\/04\/482808062_9603801809683106_7135690149130914203_n-225x300.jpg\" data-width=\"225\" data-height=\"300\" aria-label=\"\" role=\"img\" ><\/div>\n\t\t\t\t\t\t\t\t\t\t\t<div class=\"elementor-gallery-item__overlay\"><\/div>\n\t\t\t\t\t\t\t\t\t\t\t\t\t\t<\/a>\n\t\t\t\t\t\t\t<a class=\"e-gallery-item elementor-gallery-item elementor-animated-content\" href=\"https:\/\/touteslesficelles.com\/wp-content\/uploads\/2025\/04\/465036582_8846476495415645_7687275738969103224_n.jpg\" data-elementor-open-lightbox=\"yes\" data-elementor-lightbox-slideshow=\"f68418e\" data-elementor-lightbox-title=\"465036582_8846476495415645_7687275738969103224_n\" data-e-action-hash=\"#elementor-action%3Aaction%3Dlightbox%26settings%3DeyJpZCI6MjYxOSwidXJsIjoiaHR0cHM6XC9cL3RvdXRlc2xlc2ZpY2VsbGVzLmNvbVwvd3AtY29udGVudFwvdXBsb2Fkc1wvMjAyNVwvMDRcLzQ2NTAzNjU4Ml84ODQ2NDc2NDk1NDE1NjQ1Xzc2ODcyNzU3Mzg5NjkxMDMyMjRfbi5qcGciLCJzbGlkZXNob3ciOiJmNjg0MThlIn0%3D\">\n\t\t\t\t\t<div class=\"e-gallery-image elementor-gallery-item__image\" data-thumbnail=\"https:\/\/touteslesficelles.com\/wp-content\/uploads\/2025\/04\/465036582_8846476495415645_7687275738969103224_n-300x135.jpg\" data-width=\"300\" data-height=\"135\" aria-label=\"\" role=\"img\" ><\/div>\n\t\t\t\t\t\t\t\t\t\t\t<div class=\"elementor-gallery-item__overlay\"><\/div>\n\t\t\t\t\t\t\t\t\t\t\t\t\t\t<\/a>\n\t\t\t\t\t\t\t<a class=\"e-gallery-item elementor-gallery-item elementor-animated-content\" href=\"https:\/\/touteslesficelles.com\/wp-content\/uploads\/2025\/04\/483584223_9603804376349516_8640315295859264740_n.jpg\" data-elementor-open-lightbox=\"yes\" data-elementor-lightbox-slideshow=\"f68418e\" data-elementor-lightbox-title=\"483584223_9603804376349516_8640315295859264740_n\" data-e-action-hash=\"#elementor-action%3Aaction%3Dlightbox%26settings%3DeyJpZCI6MjYyNSwidXJsIjoiaHR0cHM6XC9cL3RvdXRlc2xlc2ZpY2VsbGVzLmNvbVwvd3AtY29udGVudFwvdXBsb2Fkc1wvMjAyNVwvMDRcLzQ4MzU4NDIyM185NjAzODA0Mzc2MzQ5NTE2Xzg2NDAzMTUyOTU4NTkyNjQ3NDBfbi5qcGciLCJzbGlkZXNob3ciOiJmNjg0MThlIn0%3D\">\n\t\t\t\t\t<div class=\"e-gallery-image elementor-gallery-item__image\" data-thumbnail=\"https:\/\/touteslesficelles.com\/wp-content\/uploads\/2025\/04\/483584223_9603804376349516_8640315295859264740_n-225x300.jpg\" data-width=\"225\" data-height=\"300\" aria-label=\"\" role=\"img\" ><\/div>\n\t\t\t\t\t\t\t\t\t\t\t<div class=\"elementor-gallery-item__overlay\"><\/div>\n\t\t\t\t\t\t\t\t\t\t\t\t\t\t<\/a>\n\t\t\t\t\t<\/div>\n\t\t\t\t\t<\/div>\n\t\t\t\t<\/div>\n\t\t\t\t<div class=\"elementor-element elementor-element-8e42fc7 elementor-widget elementor-widget-text-editor\" data-id=\"8e42fc7\" data-element_type=\"widget\" data-e-type=\"widget\" data-widget_type=\"text-editor.default\">\n\t\t\t\t<div class=\"elementor-widget-container\">\n\t\t\t\t\t\t\t\t\t<p>Cr\u00e9dit photo : <span class=\"x193iq5w xeuugli x13faqbe x1vvkbs xlh3980 xvmahel x1n0sxbx x6prxxf xvq8zen xo1l8bm xi81zsa\"><span class=\"xt0psk2\"><span class=\"xjp7ctv\">Laetitia Ita Sioen<\/span><\/span><\/span><\/p>\t\t\t\t\t\t\t\t<\/div>\n\t\t\t\t<\/div>\n\t\t\t\t<div class=\"elementor-element elementor-element-17a2c2c elementor-widget elementor-widget-spacer\" data-id=\"17a2c2c\" data-element_type=\"widget\" data-e-type=\"widget\" data-widget_type=\"spacer.default\">\n\t\t\t\t<div class=\"elementor-widget-container\">\n\t\t\t\t\t\t\t<div class=\"elementor-spacer\">\n\t\t\t<div class=\"elementor-spacer-inner\"><\/div>\n\t\t<\/div>\n\t\t\t\t\t\t<\/div>\n\t\t\t\t<\/div>\n\t\t\t\t\t<\/div>\n\t\t\t\t<\/div>\n\t\t\t\t<\/div>\n\t\t","protected":false},"excerpt":{"rendered":"<p>Construction de d\u00e9cors et accessoiresPour compagnies, festivals, lieux culturels, projets singuliers. Du sur-mesure, pens\u00e9 avec et pour les artistes. N&rsquo;h\u00e9sitez pas \u00e0 nous contacter Par ici &gt;&gt;&gt; Cr\u00e9dit photo : Laetitia Ita Sioen<\/p>\n","protected":false},"author":1,"featured_media":0,"parent":0,"menu_order":0,"comment_status":"closed","ping_status":"closed","template":"","meta":{"om_disable_all_campaigns":false,"_monsterinsights_skip_tracking":false,"_monsterinsights_sitenote_active":false,"_monsterinsights_sitenote_note":"","_monsterinsights_sitenote_category":0,"_themeisle_gutenberg_block_has_review":false,"_ti_tpc_template_sync":false,"_ti_tpc_template_id":"","footnotes":""},"class_list":["post-2577","page","type-page","status-publish","hentry"],"blocksy_meta":[],"aioseo_notices":[],"_links":{"self":[{"href":"https:\/\/touteslesficelles.com\/index.php?rest_route=\/wp\/v2\/pages\/2577","targetHints":{"allow":["GET"]}}],"collection":[{"href":"https:\/\/touteslesficelles.com\/index.php?rest_route=\/wp\/v2\/pages"}],"about":[{"href":"https:\/\/touteslesficelles.com\/index.php?rest_route=\/wp\/v2\/types\/page"}],"author":[{"embeddable":true,"href":"https:\/\/touteslesficelles.com\/index.php?rest_route=\/wp\/v2\/users\/1"}],"replies":[{"embeddable":true,"href":"https:\/\/touteslesficelles.com\/index.php?rest_route=%2Fwp%2Fv2%2Fcomments&post=2577"}],"version-history":[{"count":12,"href":"https:\/\/touteslesficelles.com\/index.php?rest_route=\/wp\/v2\/pages\/2577\/revisions"}],"predecessor-version":[{"id":2761,"href":"https:\/\/touteslesficelles.com\/index.php?rest_route=\/wp\/v2\/pages\/2577\/revisions\/2761"}],"wp:attachment":[{"href":"https:\/\/touteslesficelles.com\/index.php?rest_route=%2Fwp%2Fv2%2Fmedia&parent=2577"}],"curies":[{"name":"wp","href":"https:\/\/api.w.org\/{rel}","templated":true}]}}