{"id":2827,"date":"2025-04-16T20:52:33","date_gmt":"2025-04-16T18:52:33","guid":{"rendered":"https:\/\/touteslesficelles.com\/?page_id=2827"},"modified":"2025-04-18T16:03:14","modified_gmt":"2025-04-18T14:03:14","slug":"charte-accessibilite-aux-personnes-en-situation-de-handicap-psh","status":"publish","type":"page","link":"https:\/\/touteslesficelles.com\/?page_id=2827","title":{"rendered":"Charte accessibilit\u00e9"},"content":{"rendered":"\t\t<div data-elementor-type=\"wp-page\" data-elementor-id=\"2827\" class=\"elementor elementor-2827\" data-elementor-post-type=\"page\">\n\t\t\t\t<div class=\"elementor-element elementor-element-42634265 e-flex e-con-boxed e-con e-parent\" data-id=\"42634265\" data-element_type=\"container\" data-e-type=\"container\">\n\t\t\t\t\t<div class=\"e-con-inner\">\n\t\t\t\t<div class=\"elementor-element elementor-element-83d02dc elementor-widget elementor-widget-spacer\" data-id=\"83d02dc\" data-element_type=\"widget\" data-e-type=\"widget\" data-widget_type=\"spacer.default\">\n\t\t\t\t<div class=\"elementor-widget-container\">\n\t\t\t\t\t\t\t<div class=\"elementor-spacer\">\n\t\t\t<div class=\"elementor-spacer-inner\"><\/div>\n\t\t<\/div>\n\t\t\t\t\t\t<\/div>\n\t\t\t\t<\/div>\n\t\t\t\t<div class=\"elementor-element elementor-element-7a8c32c elementor-widget elementor-widget-spacer\" data-id=\"7a8c32c\" data-element_type=\"widget\" data-e-type=\"widget\" data-widget_type=\"spacer.default\">\n\t\t\t\t<div class=\"elementor-widget-container\">\n\t\t\t\t\t\t\t<div class=\"elementor-spacer\">\n\t\t\t<div class=\"elementor-spacer-inner\"><\/div>\n\t\t<\/div>\n\t\t\t\t\t\t<\/div>\n\t\t\t\t<\/div>\n\t\t\t\t<div class=\"elementor-element elementor-element-e8cbc48 elementor-widget elementor-widget-text-editor\" data-id=\"e8cbc48\" data-element_type=\"widget\" data-e-type=\"widget\" data-widget_type=\"text-editor.default\">\n\t\t\t\t<div class=\"elementor-widget-container\">\n\t\t\t\t\t\t\t\t\t<p>\u00a0<\/p>\n<p><!-- \/wp:paragraph --><!-- wp:paragraph --><\/p>\n<p><!-- \/wp:paragraph --><!-- wp:paragraph --><\/p>\n<p><!-- \/wp:paragraph --><!-- wp:list --><\/p>\n<ul class=\"wp-block-list\">\n<li style=\"list-style-type: none;\">\n<ul class=\"wp-block-list\"><!-- wp:list-item --><\/ul>\n<\/li>\n<\/ul>\n<ul class=\"wp-block-list\">\n<li style=\"list-style-type: none;\">\n<ul class=\"wp-block-list\">\n<li>\u00a0<\/li>\n<\/ul>\n<\/li>\n<\/ul>\n<p><!-- \/wp:paragraph --><\/p>\t\t\t\t\t\t\t\t<\/div>\n\t\t\t\t<\/div>\n\t\t\t\t\t<\/div>\n\t\t\t\t<\/div>\n\t\t<div class=\"elementor-element elementor-element-a8dc749 e-flex e-con-boxed e-con e-parent\" data-id=\"a8dc749\" data-element_type=\"container\" data-e-type=\"container\" data-settings=\"{&quot;background_background&quot;:&quot;classic&quot;}\">\n\t\t\t\t\t<div class=\"e-con-inner\">\n\t\t\t\t<div class=\"elementor-element elementor-element-7cdc4fdd elementor-widget elementor-widget-spacer\" data-id=\"7cdc4fdd\" data-element_type=\"widget\" data-e-type=\"widget\" data-widget_type=\"spacer.default\">\n\t\t\t\t<div class=\"elementor-widget-container\">\n\t\t\t\t\t\t\t<div class=\"elementor-spacer\">\n\t\t\t<div class=\"elementor-spacer-inner\"><\/div>\n\t\t<\/div>\n\t\t\t\t\t\t<\/div>\n\t\t\t\t<\/div>\n\t\t\t\t<div class=\"elementor-element elementor-element-70c84b elementor-widget elementor-widget-heading\" data-id=\"70c84b\" data-element_type=\"widget\" data-e-type=\"widget\" data-widget_type=\"heading.default\">\n\t\t\t\t<div class=\"elementor-widget-container\">\n\t\t\t\t\t<h2 class=\"elementor-heading-title elementor-size-default\">CHARTE D'ACCESSIBILITE<\/h2>\t\t\t\t<\/div>\n\t\t\t\t<\/div>\n\t\t\t\t<div class=\"elementor-element elementor-element-824f5c1 elementor-widget-divider--view-line elementor-widget elementor-widget-divider\" data-id=\"824f5c1\" data-element_type=\"widget\" data-e-type=\"widget\" data-widget_type=\"divider.default\">\n\t\t\t\t<div class=\"elementor-widget-container\">\n\t\t\t\t\t\t\t<div class=\"elementor-divider\">\n\t\t\t<span class=\"elementor-divider-separator\">\n\t\t\t\t\t\t<\/span>\n\t\t<\/div>\n\t\t\t\t\t\t<\/div>\n\t\t\t\t<\/div>\n\t\t\t\t<div class=\"elementor-element elementor-element-6222c2ef elementor-widget elementor-widget-spacer\" data-id=\"6222c2ef\" data-element_type=\"widget\" data-e-type=\"widget\" data-widget_type=\"spacer.default\">\n\t\t\t\t<div class=\"elementor-widget-container\">\n\t\t\t\t\t\t\t<div class=\"elementor-spacer\">\n\t\t\t<div class=\"elementor-spacer-inner\"><\/div>\n\t\t<\/div>\n\t\t\t\t\t\t<\/div>\n\t\t\t\t<\/div>\n\t\t\t\t\t<\/div>\n\t\t\t\t<\/div>\n\t\t<div class=\"elementor-element elementor-element-74709b3d e-flex e-con-boxed e-con e-parent\" data-id=\"74709b3d\" data-element_type=\"container\" data-e-type=\"container\">\n\t\t\t\t\t<div class=\"e-con-inner\">\n\t\t\t\t<div class=\"elementor-element elementor-element-5c558095 elementor-widget elementor-widget-text-editor\" data-id=\"5c558095\" data-element_type=\"widget\" data-e-type=\"widget\" data-widget_type=\"text-editor.default\">\n\t\t\t\t<div class=\"elementor-widget-container\">\n\t\t\t\t\t\t\t\t\t<p><em>Conform\u00e9ment \u00e0 la loi du 11 f\u00e9vrier 2005 pour l\u2019\u00e9galit\u00e9 des droits et des chances, Ficel\u00b7le\u00b7s s\u2019engage \u00e0 rendre ses formations accessibles \u00e0 toutes et tous, sans discrimination, en particulier aux personnes en situation de handicap.<\/em><\/p>\n<p>\u00a0<\/p>\n<p>Chez<b> Ficel\u00b7le\u00b7s<\/b>, nous pla\u00e7ons <b>l\u2019inclusion et l\u2019accessibilit\u00e9 au c\u0153ur de nos engagements.<\/b> Notre organisme de formation \u0153uvre pour <b>garantir un acc\u00e8s \u00e9quitable<\/b> \u00e0 ses formations pour toutes et tous, en particulier pour les personnes en situation de handicap (PSH), quel que soit le type de handicap<\/p>\t\t\t\t\t\t\t\t<\/div>\n\t\t\t\t<\/div>\n\t\t\t\t<div class=\"elementor-element elementor-element-be7884f elementor-widget elementor-widget-spacer\" data-id=\"be7884f\" data-element_type=\"widget\" data-e-type=\"widget\" data-widget_type=\"spacer.default\">\n\t\t\t\t<div class=\"elementor-widget-container\">\n\t\t\t\t\t\t\t<div class=\"elementor-spacer\">\n\t\t\t<div class=\"elementor-spacer-inner\"><\/div>\n\t\t<\/div>\n\t\t\t\t\t\t<\/div>\n\t\t\t\t<\/div>\n\t\t\t\t<div class=\"elementor-element elementor-element-3edc84af elementor-widget elementor-widget-heading\" data-id=\"3edc84af\" data-element_type=\"widget\" data-e-type=\"widget\" data-widget_type=\"heading.default\">\n\t\t\t\t<div class=\"elementor-widget-container\">\n\t\t\t\t\t<h2 class=\"elementor-heading-title elementor-size-default\">Objectif<\/h2>\t\t\t\t<\/div>\n\t\t\t\t<\/div>\n\t\t\t\t<div class=\"elementor-element elementor-element-f6ba4cc elementor-widget-divider--view-line elementor-widget elementor-widget-divider\" data-id=\"f6ba4cc\" data-element_type=\"widget\" data-e-type=\"widget\" data-widget_type=\"divider.default\">\n\t\t\t\t<div class=\"elementor-widget-container\">\n\t\t\t\t\t\t\t<div class=\"elementor-divider\">\n\t\t\t<span class=\"elementor-divider-separator\">\n\t\t\t\t\t\t<\/span>\n\t\t<\/div>\n\t\t\t\t\t\t<\/div>\n\t\t\t\t<\/div>\n\t\t\t\t<div class=\"elementor-element elementor-element-6f960161 elementor-widget elementor-widget-text-editor\" data-id=\"6f960161\" data-element_type=\"widget\" data-e-type=\"widget\" data-widget_type=\"text-editor.default\">\n\t\t\t\t<div class=\"elementor-widget-container\">\n\t\t\t\t\t\t\t\t\t<h5>Offrir \u00e0 chaque personne en situation de handicap les <b>m\u00eames chances d\u2019acc\u00e8s<\/b>, de maintien, et de r\u00e9ussite dans les parcours de formation, en favorisant leur <b>insertion professionnelle du<\/b><strong>rable.<\/strong><\/h5>\t\t\t\t\t\t\t\t<\/div>\n\t\t\t\t<\/div>\n\t\t\t\t<div class=\"elementor-element elementor-element-4194aee8 elementor-widget elementor-widget-spacer\" data-id=\"4194aee8\" data-element_type=\"widget\" data-e-type=\"widget\" data-widget_type=\"spacer.default\">\n\t\t\t\t<div class=\"elementor-widget-container\">\n\t\t\t\t\t\t\t<div class=\"elementor-spacer\">\n\t\t\t<div class=\"elementor-spacer-inner\"><\/div>\n\t\t<\/div>\n\t\t\t\t\t\t<\/div>\n\t\t\t\t<\/div>\n\t\t\t\t<div class=\"elementor-element elementor-element-73ffcc88 elementor-widget elementor-widget-heading\" data-id=\"73ffcc88\" data-element_type=\"widget\" data-e-type=\"widget\" data-widget_type=\"heading.default\">\n\t\t\t\t<div class=\"elementor-widget-container\">\n\t\t\t\t\t<h2 class=\"elementor-heading-title elementor-size-default\">Nos engagements<\/h2>\t\t\t\t<\/div>\n\t\t\t\t<\/div>\n\t\t\t\t<div class=\"elementor-element elementor-element-5b3b9798 elementor-widget-divider--view-line elementor-widget elementor-widget-divider\" data-id=\"5b3b9798\" data-element_type=\"widget\" data-e-type=\"widget\" data-widget_type=\"divider.default\">\n\t\t\t\t<div class=\"elementor-widget-container\">\n\t\t\t\t\t\t\t<div class=\"elementor-divider\">\n\t\t\t<span class=\"elementor-divider-separator\">\n\t\t\t\t\t\t<\/span>\n\t\t<\/div>\n\t\t\t\t\t\t<\/div>\n\t\t\t\t<\/div>\n\t\t\t\t<div class=\"elementor-element elementor-element-cf76142 elementor-widget elementor-widget-spacer\" data-id=\"cf76142\" data-element_type=\"widget\" data-e-type=\"widget\" data-widget_type=\"spacer.default\">\n\t\t\t\t<div class=\"elementor-widget-container\">\n\t\t\t\t\t\t\t<div class=\"elementor-spacer\">\n\t\t\t<div class=\"elementor-spacer-inner\"><\/div>\n\t\t<\/div>\n\t\t\t\t\t\t<\/div>\n\t\t\t\t<\/div>\n\t\t\t\t<div class=\"elementor-element elementor-element-59232e2b elementor-widget__width-initial elementor-widget elementor-widget-text-editor\" data-id=\"59232e2b\" data-element_type=\"widget\" data-e-type=\"widget\" data-widget_type=\"text-editor.default\">\n\t\t\t\t<div class=\"elementor-widget-container\">\n\t\t\t\t\t\t\t\t\t<p><strong>&gt;&gt;&gt;<\/strong> <span style=\"font-weight: bold;\">Accueil<\/span>\u00a0<span style=\"font-weight: bold;\">personnalis\u00e9<\/span>\u00a0: Accueil sans discrimination des personnes en situation de handicap.<\/p>\n<p style=\"font-style: normal; font-variant-ligatures: normal; font-variant-caps: normal; font-weight: 300; font-size: 16px; font-family: Poppins, sans-serif;\">Toute personne en situation de handicap est invit\u00e9e \u00e0 nous faire part de ses besoins sp\u00e9cifiques d\u00e8s l\u2019inscription. Un\u00b7e r\u00e9f\u00e9rent\u00b7e handicap est disponible pour accompagner et proposer\u00a0<span style=\"font-family: inherit; font-size: inherit; font-style: inherit; font-variant-ligatures: inherit; font-variant-caps: inherit; font-weight: inherit;\">des solutions adapt\u00e9es.<\/span><\/p>\n<p>\u00a0<\/p>\n<p style=\"font-style: normal; font-variant-ligatures: normal; font-variant-caps: normal; font-weight: 300; font-size: 16px; font-family: Poppins, sans-serif;\"><strong>&gt;&gt;&gt; Prise en compte du handicap d\u00e8s l\u2019inscription<\/strong>, via un entretien de positionnement pour \u00e9valuer les besoins sp\u00e9cifiques.<\/p>\n<p>\u00a0<\/p>\n<div style=\"align-self: auto; flex: 0 1 auto; order: 0; place-content: normal; align-items: normal; flex-flow: row; gap: 9px; --widgets-spacing: 9px 9px; --widgets-spacing-row: 9px; --widgets-spacing-column: 9px; font-family: Poppins, sans-serif; font-size: 16px; font-weight: 300; text-transform: none; font-style: normal; text-decoration: none; line-height: 24px; letter-spacing: normal; color: #7f7f7f; margin-bottom: 0px; --kit-widget-spacing: 0px; max-width: 100%;\" data-id=\"e8cbc48\" data-element_type=\"widget\" data-widget_type=\"text-editor.default\">\n<div style=\"transition: background 0.3s, border 0.3s, border-radius 0.3s, box-shadow 0.3s, transform 0.4s; height: 1516.39px;\">\n<p><b>&gt;&gt;&gt; Proc\u00e9dure d\u2019accueil individualis\u00e9 :<\/b><\/p>\n<ul>\n<li><span style=\"font-family: inherit; font-size: inherit; font-style: inherit; font-variant-ligatures: inherit; font-variant-caps: inherit; font-weight: inherit;\">Identification des besoins sp\u00e9cifiques d\u00e8s l\u2019inscription.<\/span><\/li>\n<li><span style=\"font-family: inherit; font-size: inherit; font-style: inherit; font-variant-ligatures: inherit; font-variant-caps: inherit; font-weight: inherit;\">\u00c9change confidentiel avec la personne concern\u00e9e.<\/span><\/li>\n<li><span style=\"font-family: inherit; font-size: inherit; font-style: inherit; font-variant-ligatures: inherit; font-variant-caps: inherit; font-weight: inherit;\">Mise en place d\u2019un accompagnement personnalis\u00e9 en lien avec les \u00e9quipes p\u00e9<\/span><span style=\"font-family: inherit; font-size: inherit; font-style: inherit; font-variant-ligatures: inherit; font-variant-caps: inherit; font-weight: inherit;\">dagogiques, administratives et, si besoin, avec un prestataire sp\u00e9cialis\u00e9 (ex : PPS financ\u00e9es par l\u2019Agefiph).<\/span><\/li>\n<li><span style=\"font-family: inherit; font-size: inherit; font-style: inherit; font-variant-ligatures: inherit; font-variant-caps: inherit; font-weight: inherit;\">Accessibilit\u00e9 des locaux : nos lieux de formation sont accessibles aux personnes \u00e0 mobilit\u00e9\u00a0<\/span><span style=\"font-family: inherit; font-size: inherit; font-style: inherit; font-variant-ligatures: inherit; font-variant-caps: inherit; font-weight: inherit;\">r\u00e9duite. Si une formation est organis\u00e9e dans un lieu tiers, nous nous assurons en amont de sa\u00a0<\/span><span style=\"font-family: inherit; font-size: inherit; font-style: inherit; font-variant-ligatures: inherit; font-variant-caps: inherit; font-weight: inherit;\">conformit\u00e9.<\/span><\/li>\n<li>Adaptation des supports et modalit\u00e9s p\u00e9dagogiques : Adaptation des modalit\u00e9s p\u00e9da<span style=\"font-family: inherit; font-size: inherit; font-style: inherit; font-variant-ligatures: inherit; font-variant-caps: inherit; font-weight: inherit;\">gogiques, supports, rythmes, dur\u00e9e, lieux, m\u00e9thodes d\u2019\u00e9valuation.<\/span><\/li>\n<\/ul>\n<p>Nous adaptons nos contenus (supports visuels, formats num\u00e9riques, etc.) ainsi que les modalit\u00e9s d\u2019\u00e9valuation, afin de faciliter l\u2019apprentissage pour chacun\u00b7e.<\/p>\n<p>\u00a0<\/p>\n<blockquote>\n<p><b>&gt;&gt;&gt; Accompagnement tout au long du parcours :<\/b><\/p>\n<\/blockquote>\n<ul>\n<li>Suivi r\u00e9gulier de la personne en formation.<\/li>\n<li>Ajustements possibles en cours de formation.<\/li>\n<li>Possibilit\u00e9 de proposer un parcours individualis\u00e9.<\/li>\n<li>Sensibilisation de l\u2019\u00e9quipe : nos formateur\u00b7rice\u00b7s et collaborateurs\u00b7rice\u00b7s sont r\u00e9guli\u00e8rement sensibilis\u00e9\u00b7e\u00b7s aux enjeux du handicap et de l\u2019accessibilit\u00e9.<\/li>\n<\/ul>\n<blockquote>\n<p><b>&gt;&gt; Transparence et communication :<\/b><\/p>\n<\/blockquote>\n<ul>\n<li>Affichage de la Charte d\u2019accessibilit\u00e9 dans nos locaux.<\/li>\n<li>Politique d\u2019accessibilit\u00e9 diffus\u00e9e sur notre site internet.<\/li>\n<li>\u00a0En cas d\u2019impossibilit\u00e9 d\u2019accueil, orientation vers des structures adapt\u00e9es.<\/li>\n<\/ul>\n<p>\u00a0<\/p>\n<p><strong>&gt;&gt;&gt; Partenariats<\/strong> : nous travaillons avec des structures sp\u00e9cialis\u00e9es (AGEFIPH, MDPH, Cap Emploi, etc.) pour proposer un accompagnement renforc\u00e9 si n\u00e9cessaire.<\/p>\n<p>\u00a0<\/p>\n<p>Chez Ficel\u00b7le\u00b7s, nous croyons que la diversit\u00e9 fait la richesse du collectif. Nous nous engageons \u00e0 rendre chaque parcours de formation aussi inclusif que possible.<\/p>\n<\/div>\n<\/div>\t\t\t\t\t\t\t\t<\/div>\n\t\t\t\t<\/div>\n\t\t\t\t<div class=\"elementor-element elementor-element-529c9a7 elementor-widget elementor-widget-spacer\" data-id=\"529c9a7\" data-element_type=\"widget\" data-e-type=\"widget\" data-widget_type=\"spacer.default\">\n\t\t\t\t<div class=\"elementor-widget-container\">\n\t\t\t\t\t\t\t<div class=\"elementor-spacer\">\n\t\t\t<div class=\"elementor-spacer-inner\"><\/div>\n\t\t<\/div>\n\t\t\t\t\t\t<\/div>\n\t\t\t\t<\/div>\n\t\t\t\t<div class=\"elementor-element elementor-element-3c62382d elementor-widget elementor-widget-heading\" data-id=\"3c62382d\" data-element_type=\"widget\" data-e-type=\"widget\" data-widget_type=\"heading.default\">\n\t\t\t\t<div class=\"elementor-widget-container\">\n\t\t\t\t\t<h2 class=\"elementor-heading-title elementor-size-default\"><b>Contact r\u00e9f\u00e9rent\u00b7e handicap <\/b><\/h2>\t\t\t\t<\/div>\n\t\t\t\t<\/div>\n\t\t\t\t<div class=\"elementor-element elementor-element-749352f5 elementor-widget-divider--view-line elementor-widget elementor-widget-divider\" data-id=\"749352f5\" data-element_type=\"widget\" data-e-type=\"widget\" data-widget_type=\"divider.default\">\n\t\t\t\t<div class=\"elementor-widget-container\">\n\t\t\t\t\t\t\t<div class=\"elementor-divider\">\n\t\t\t<span class=\"elementor-divider-separator\">\n\t\t\t\t\t\t<\/span>\n\t\t<\/div>\n\t\t\t\t\t\t<\/div>\n\t\t\t\t<\/div>\n\t\t\t\t<div class=\"elementor-element elementor-element-48bfc87d elementor-widget elementor-widget-text-editor\" data-id=\"48bfc87d\" data-element_type=\"widget\" data-e-type=\"widget\" data-widget_type=\"text-editor.default\">\n\t\t\t\t<div class=\"elementor-widget-container\">\n\t\t\t\t\t\t\t\t\t<p class=\"\" data-start=\"2238\" data-end=\"2358\">lafabriquedesficelles@gmail.com<br \/>068214663<\/p>\t\t\t\t\t\t\t\t<\/div>\n\t\t\t\t<\/div>\n\t\t\t\t<div class=\"elementor-element elementor-element-3eb2b0c3 elementor-widget elementor-widget-spacer\" data-id=\"3eb2b0c3\" data-element_type=\"widget\" data-e-type=\"widget\" data-widget_type=\"spacer.default\">\n\t\t\t\t<div class=\"elementor-widget-container\">\n\t\t\t\t\t\t\t<div class=\"elementor-spacer\">\n\t\t\t<div class=\"elementor-spacer-inner\"><\/div>\n\t\t<\/div>\n\t\t\t\t\t\t<\/div>\n\t\t\t\t<\/div>\n\t\t\t\t<div class=\"elementor-element elementor-element-a4b21f4 elementor-widget-divider--view-line elementor-widget elementor-widget-divider\" data-id=\"a4b21f4\" data-element_type=\"widget\" data-e-type=\"widget\" data-widget_type=\"divider.default\">\n\t\t\t\t<div class=\"elementor-widget-container\">\n\t\t\t\t\t\t\t<div class=\"elementor-divider\">\n\t\t\t<span class=\"elementor-divider-separator\">\n\t\t\t\t\t\t<\/span>\n\t\t<\/div>\n\t\t\t\t\t\t<\/div>\n\t\t\t\t<\/div>\n\t\t\t\t<div class=\"elementor-element elementor-element-4b8f7940 elementor-widget elementor-widget-spacer\" data-id=\"4b8f7940\" data-element_type=\"widget\" data-e-type=\"widget\" data-widget_type=\"spacer.default\">\n\t\t\t\t<div class=\"elementor-widget-container\">\n\t\t\t\t\t\t\t<div class=\"elementor-spacer\">\n\t\t\t<div class=\"elementor-spacer-inner\"><\/div>\n\t\t<\/div>\n\t\t\t\t\t\t<\/div>\n\t\t\t\t<\/div>\n\t\t\t\t\t<\/div>\n\t\t\t\t<\/div>\n\t\t\t\t<\/div>\n\t\t","protected":false},"excerpt":{"rendered":"<p>\u00a0 \u00a0 CHARTE D&rsquo;ACCESSIBILITE Conform\u00e9ment \u00e0 la loi du 11 f\u00e9vrier 2005 pour l\u2019\u00e9galit\u00e9 des droits et des chances, Ficel\u00b7le\u00b7s s\u2019engage \u00e0 rendre ses formations accessibles \u00e0 toutes et tous, sans discrimination, en particulier aux personnes en situation de handicap. \u00a0 Chez Ficel\u00b7le\u00b7s, nous pla\u00e7ons l\u2019inclusion et l\u2019accessibilit\u00e9 au c\u0153ur de nos engagements. Notre organisme [&hellip;]<\/p>\n","protected":false},"author":1,"featured_media":0,"parent":0,"menu_order":0,"comment_status":"closed","ping_status":"closed","template":"","meta":{"om_disable_all_campaigns":false,"_monsterinsights_skip_tracking":false,"_monsterinsights_sitenote_active":false,"_monsterinsights_sitenote_note":"","_monsterinsights_sitenote_category":0,"_themeisle_gutenberg_block_has_review":false,"_ti_tpc_template_sync":false,"_ti_tpc_template_id":"","footnotes":""},"class_list":["post-2827","page","type-page","status-publish","hentry"],"blocksy_meta":[],"aioseo_notices":[],"_links":{"self":[{"href":"https:\/\/touteslesficelles.com\/index.php?rest_route=\/wp\/v2\/pages\/2827","targetHints":{"allow":["GET"]}}],"collection":[{"href":"https:\/\/touteslesficelles.com\/index.php?rest_route=\/wp\/v2\/pages"}],"about":[{"href":"https:\/\/touteslesficelles.com\/index.php?rest_route=\/wp\/v2\/types\/page"}],"author":[{"embeddable":true,"href":"https:\/\/touteslesficelles.com\/index.php?rest_route=\/wp\/v2\/users\/1"}],"replies":[{"embeddable":true,"href":"https:\/\/touteslesficelles.com\/index.php?rest_route=%2Fwp%2Fv2%2Fcomments&post=2827"}],"version-history":[{"count":24,"href":"https:\/\/touteslesficelles.com\/index.php?rest_route=\/wp\/v2\/pages\/2827\/revisions"}],"predecessor-version":[{"id":3148,"href":"https:\/\/touteslesficelles.com\/index.php?rest_route=\/wp\/v2\/pages\/2827\/revisions\/3148"}],"wp:attachment":[{"href":"https:\/\/touteslesficelles.com\/index.php?rest_route=%2Fwp%2Fv2%2Fmedia&parent=2827"}],"curies":[{"name":"wp","href":"https:\/\/api.w.org\/{rel}","templated":true}]}}