{"id":3027,"date":"2025-04-18T12:07:41","date_gmt":"2025-04-18T10:07:41","guid":{"rendered":"https:\/\/touteslesficelles.com\/?page_id=3027"},"modified":"2025-04-18T12:12:02","modified_gmt":"2025-04-18T10:12:02","slug":"financer-sa-formation","status":"publish","type":"page","link":"https:\/\/touteslesficelles.com\/?page_id=3027","title":{"rendered":"Financer sa formation"},"content":{"rendered":"\t\t<div data-elementor-type=\"wp-page\" data-elementor-id=\"3027\" class=\"elementor elementor-3027\" data-elementor-post-type=\"page\">\n\t\t\t\t<div class=\"elementor-element elementor-element-1c597019 e-flex e-con-boxed e-con e-parent\" data-id=\"1c597019\" data-element_type=\"container\" data-e-type=\"container\" data-settings=\"{&quot;background_background&quot;:&quot;classic&quot;}\">\n\t\t\t\t\t<div class=\"e-con-inner\">\n\t\t\t\t<div class=\"elementor-element elementor-element-1b056cf3 elementor-widget elementor-widget-spacer\" data-id=\"1b056cf3\" data-element_type=\"widget\" data-e-type=\"widget\" data-widget_type=\"spacer.default\">\n\t\t\t\t<div class=\"elementor-widget-container\">\n\t\t\t\t\t\t\t<div class=\"elementor-spacer\">\n\t\t\t<div class=\"elementor-spacer-inner\"><\/div>\n\t\t<\/div>\n\t\t\t\t\t\t<\/div>\n\t\t\t\t<\/div>\n\t\t\t\t<div class=\"elementor-element elementor-element-23f8bc25 elementor-widget elementor-widget-heading\" data-id=\"23f8bc25\" data-element_type=\"widget\" data-e-type=\"widget\" data-widget_type=\"heading.default\">\n\t\t\t\t<div class=\"elementor-widget-container\">\n\t\t\t\t\t<h2 class=\"elementor-heading-title elementor-size-default\">FINANCER SA FORMATION<\/h2>\t\t\t\t<\/div>\n\t\t\t\t<\/div>\n\t\t\t\t<div class=\"elementor-element elementor-element-542bb388 elementor-widget-divider--view-line elementor-widget elementor-widget-divider\" data-id=\"542bb388\" data-element_type=\"widget\" data-e-type=\"widget\" data-widget_type=\"divider.default\">\n\t\t\t\t<div class=\"elementor-widget-container\">\n\t\t\t\t\t\t\t<div class=\"elementor-divider\">\n\t\t\t<span class=\"elementor-divider-separator\">\n\t\t\t\t\t\t<\/span>\n\t\t<\/div>\n\t\t\t\t\t\t<\/div>\n\t\t\t\t<\/div>\n\t\t\t\t<div class=\"elementor-element elementor-element-e2b034f elementor-widget elementor-widget-spacer\" data-id=\"e2b034f\" data-element_type=\"widget\" data-e-type=\"widget\" data-widget_type=\"spacer.default\">\n\t\t\t\t<div class=\"elementor-widget-container\">\n\t\t\t\t\t\t\t<div class=\"elementor-spacer\">\n\t\t\t<div class=\"elementor-spacer-inner\"><\/div>\n\t\t<\/div>\n\t\t\t\t\t\t<\/div>\n\t\t\t\t<\/div>\n\t\t\t\t\t<\/div>\n\t\t\t\t<\/div>\n\t\t<div class=\"elementor-element elementor-element-6240d957 e-flex e-con-boxed e-con e-parent\" data-id=\"6240d957\" data-element_type=\"container\" data-e-type=\"container\">\n\t\t\t\t\t<div class=\"e-con-inner\">\n\t\t\t\t<div class=\"elementor-element elementor-element-191d360 elementor-widget elementor-widget-text-editor\" data-id=\"191d360\" data-element_type=\"widget\" data-e-type=\"widget\" data-widget_type=\"text-editor.default\">\n\t\t\t\t<div class=\"elementor-widget-container\">\n\t\t\t\t\t\t\t\t\t<p>Le <strong>financement<\/strong> d\u2019une formation professionnelle d\u00e9pend de votre<strong> statut<\/strong> (salari\u00e9\u00b7e, intermittent\u00b7e, demandeur\u00b7euse d\u2019emploi, etc.), de votre <strong>projet<\/strong>, et du <strong>type de formation<\/strong> vis\u00e9e. Voici les <strong>principaux dispositifs existants<\/strong> pour vous aider \u00e0 concr\u00e9tiser votre parcours de formation dans les m\u00e9tiers techniques du spectacle vivant.<\/p>\t\t\t\t\t\t\t\t<\/div>\n\t\t\t\t<\/div>\n\t\t\t\t<div class=\"elementor-element elementor-element-b9159fc elementor-widget elementor-widget-spacer\" data-id=\"b9159fc\" data-element_type=\"widget\" data-e-type=\"widget\" data-widget_type=\"spacer.default\">\n\t\t\t\t<div class=\"elementor-widget-container\">\n\t\t\t\t\t\t\t<div class=\"elementor-spacer\">\n\t\t\t<div class=\"elementor-spacer-inner\"><\/div>\n\t\t<\/div>\n\t\t\t\t\t\t<\/div>\n\t\t\t\t<\/div>\n\t\t\t\t<div class=\"elementor-element elementor-element-3237fc4 elementor-widget elementor-widget-heading\" data-id=\"3237fc4\" data-element_type=\"widget\" data-e-type=\"widget\" data-widget_type=\"heading.default\">\n\t\t\t\t<div class=\"elementor-widget-container\">\n\t\t\t\t\t<h2 class=\"elementor-heading-title elementor-size-default\">Pour les intermittents du spectacle<\/h2>\t\t\t\t<\/div>\n\t\t\t\t<\/div>\n\t\t\t\t<div class=\"elementor-element elementor-element-e574f18 elementor-widget-divider--view-line elementor-widget elementor-widget-divider\" data-id=\"e574f18\" data-element_type=\"widget\" data-e-type=\"widget\" data-widget_type=\"divider.default\">\n\t\t\t\t<div class=\"elementor-widget-container\">\n\t\t\t\t\t\t\t<div class=\"elementor-divider\">\n\t\t\t<span class=\"elementor-divider-separator\">\n\t\t\t\t\t\t<\/span>\n\t\t<\/div>\n\t\t\t\t\t\t<\/div>\n\t\t\t\t<\/div>\n\t\t\t\t<div class=\"elementor-element elementor-element-5592447 elementor-widget elementor-widget-text-editor\" data-id=\"5592447\" data-element_type=\"widget\" data-e-type=\"widget\" data-widget_type=\"text-editor.default\">\n\t\t\t\t<div class=\"elementor-widget-container\">\n\t\t\t\t\t\t\t\t\t<p class=\"\" data-start=\"614\" data-end=\"870\">Vous pouvez faire une demande de financement aupr\u00e8s de l\u2019<strong data-start=\"671\" data-end=\"680\">AFDAS<\/strong>, l\u2019op\u00e9rateur de comp\u00e9tences du secteur culturel.<br data-start=\"729\" data-end=\"732\" \/>Votre formation doit \u00eatre coh\u00e9rente avec votre activit\u00e9 professionnelle et respecter certains crit\u00e8res (dur\u00e9e, lien avec le m\u00e9tier, etc.).<\/p><p class=\"\" data-start=\"872\" data-end=\"1091\"><a class=\"\" href=\"https:\/\/www.afdas.com\/particulier\/deposer-votre-dossier-de-formation-et-assurer-son-suivi.html#condition-d'acces-aux-financements\" target=\"_new\" rel=\"noopener\" data-start=\"875\" data-end=\"1091\">En savoir plus sur la prise en charge AFDAS<\/a><\/p><p class=\"\" data-start=\"1093\" data-end=\"1200\"><strong data-start=\"1096\" data-end=\"1111\">Important :<\/strong> votre demande doit \u00eatre d\u00e9pos\u00e9e <strong data-start=\"1144\" data-end=\"1174\">au plus tard un mois avant<\/strong> le d\u00e9but de la formation.<\/p>\t\t\t\t\t\t\t\t<\/div>\n\t\t\t\t<\/div>\n\t\t\t\t<div class=\"elementor-element elementor-element-e6eab28 elementor-widget elementor-widget-spacer\" data-id=\"e6eab28\" data-element_type=\"widget\" data-e-type=\"widget\" data-widget_type=\"spacer.default\">\n\t\t\t\t<div class=\"elementor-widget-container\">\n\t\t\t\t\t\t\t<div class=\"elementor-spacer\">\n\t\t\t<div class=\"elementor-spacer-inner\"><\/div>\n\t\t<\/div>\n\t\t\t\t\t\t<\/div>\n\t\t\t\t<\/div>\n\t\t\t\t<div class=\"elementor-element elementor-element-72fcbb8 elementor-widget elementor-widget-heading\" data-id=\"72fcbb8\" data-element_type=\"widget\" data-e-type=\"widget\" data-widget_type=\"heading.default\">\n\t\t\t\t<div class=\"elementor-widget-container\">\n\t\t\t\t\t<h2 class=\"elementor-heading-title elementor-size-default\">Pour les demandeur\u00b7euse\u00b7s d\u2019emploi<\/h2>\t\t\t\t<\/div>\n\t\t\t\t<\/div>\n\t\t\t\t<div class=\"elementor-element elementor-element-cd5610b elementor-widget-divider--view-line elementor-widget elementor-widget-divider\" data-id=\"cd5610b\" data-element_type=\"widget\" data-e-type=\"widget\" data-widget_type=\"divider.default\">\n\t\t\t\t<div class=\"elementor-widget-container\">\n\t\t\t\t\t\t\t<div class=\"elementor-divider\">\n\t\t\t<span class=\"elementor-divider-separator\">\n\t\t\t\t\t\t<\/span>\n\t\t<\/div>\n\t\t\t\t\t\t<\/div>\n\t\t\t\t<\/div>\n\t\t\t\t<div class=\"elementor-element elementor-element-8508047 elementor-widget elementor-widget-text-editor\" data-id=\"8508047\" data-element_type=\"widget\" data-e-type=\"widget\" data-widget_type=\"text-editor.default\">\n\t\t\t\t<div class=\"elementor-widget-container\">\n\t\t\t\t\t\t\t\t\t<h4 class=\"\" data-start=\"1314\" data-end=\"1359\">&gt;&gt;&gt; Aide Individuelle \u00e0 la Formation (AIF)<\/h4><p class=\"\" data-start=\"1360\" data-end=\"1528\">Vous pouvez solliciter cette aide via votre conseiller\u00b7\u00e8re <strong data-start=\"1419\" data-end=\"1454\">France Travail (ex P\u00f4le emploi)<\/strong>, \u00e0 condition que la formation s\u2019inscrive dans votre projet professionnel.<\/p><p class=\"\" data-start=\"1530\" data-end=\"1669\"><a href=\"https:\/\/www.francetravail.fr\/candidat\/en-formation\/mes-aides-financieres\/laide-individuelle-a-la-formatio.html\" target=\"_new\" rel=\"noopener\" data-start=\"1533\" data-end=\"1669\">Plus d\u2019infos sur l\u2019AIF<\/a><\/p><p class=\"\" data-start=\"1671\" data-end=\"1770\"><strong data-start=\"1674\" data-end=\"1689\">Attention :<\/strong> la demande doit \u00eatre faite <strong data-start=\"1717\" data-end=\"1744\">au moins 15 jours avant<\/strong> le d\u00e9but de la formation.<\/p><p class=\"\" data-start=\"1772\" data-end=\"1804\"><strong data-start=\"1775\" data-end=\"1802\">Assimilation des heures<\/strong> :<\/p><ul data-start=\"1805\" data-end=\"2057\"><li class=\"\" data-start=\"1805\" data-end=\"1949\"><p class=\"\" data-start=\"1807\" data-end=\"1949\">Si vous \u00eates indemnis\u00e9\u00b7e (ARE ou ARE-F), les heures de formation <strong data-start=\"1872\" data-end=\"1906\">ne seront pas prises en compte<\/strong> pour le calcul des droits annexes 8 ou 10.<\/p><\/li><li class=\"\" data-start=\"1950\" data-end=\"2057\"><p class=\"\" data-start=\"1952\" data-end=\"2057\">Si vous n\u2019\u00eates <strong data-start=\"1967\" data-end=\"1986\">pas indemnis\u00e9\u00b7e<\/strong>, ces heures <strong data-start=\"1999\" data-end=\"2020\">seront assimil\u00e9es<\/strong> dans le calcul de vos futurs droits.<\/p><\/li><\/ul><p class=\"\" data-start=\"2059\" data-end=\"2197\"><a class=\"\" href=\"https:\/\/www.francetravail.fr\/spectacle\/spectacle--intermittents\/page.html\" target=\"_new\" rel=\"noopener\" data-start=\"2062\" data-end=\"2197\">Infos sp\u00e9cifiques aux intermittents et heures de formation<\/a><\/p>\t\t\t\t\t\t\t\t<\/div>\n\t\t\t\t<\/div>\n\t\t\t\t<div class=\"elementor-element elementor-element-2579b7c elementor-widget elementor-widget-spacer\" data-id=\"2579b7c\" data-element_type=\"widget\" data-e-type=\"widget\" data-widget_type=\"spacer.default\">\n\t\t\t\t<div class=\"elementor-widget-container\">\n\t\t\t\t\t\t\t<div class=\"elementor-spacer\">\n\t\t\t<div class=\"elementor-spacer-inner\"><\/div>\n\t\t<\/div>\n\t\t\t\t\t\t<\/div>\n\t\t\t\t<\/div>\n\t\t\t\t<div class=\"elementor-element elementor-element-48c005c elementor-widget elementor-widget-heading\" data-id=\"48c005c\" data-element_type=\"widget\" data-e-type=\"widget\" data-widget_type=\"heading.default\">\n\t\t\t\t<div class=\"elementor-widget-container\">\n\t\t\t\t\t<h2 class=\"elementor-heading-title elementor-size-default\">Dispositifs R\u00e9gionaux<\/h2>\t\t\t\t<\/div>\n\t\t\t\t<\/div>\n\t\t\t\t<div class=\"elementor-element elementor-element-f21ea8f elementor-widget-divider--view-line elementor-widget elementor-widget-divider\" data-id=\"f21ea8f\" data-element_type=\"widget\" data-e-type=\"widget\" data-widget_type=\"divider.default\">\n\t\t\t\t<div class=\"elementor-widget-container\">\n\t\t\t\t\t\t\t<div class=\"elementor-divider\">\n\t\t\t<span class=\"elementor-divider-separator\">\n\t\t\t\t\t\t<\/span>\n\t\t<\/div>\n\t\t\t\t\t\t<\/div>\n\t\t\t\t<\/div>\n\t\t\t\t<div class=\"elementor-element elementor-element-a8205f3 elementor-widget elementor-widget-text-editor\" data-id=\"a8205f3\" data-element_type=\"widget\" data-e-type=\"widget\" data-widget_type=\"text-editor.default\">\n\t\t\t\t<div class=\"elementor-widget-container\">\n\t\t\t\t\t\t\t\t\t<p class=\"\" data-start=\"2238\" data-end=\"2358\">Lorsque les autres financements ne couvrent pas votre projet, <strong data-start=\"2300\" data-end=\"2315\">les R\u00e9gions<\/strong> peuvent proposer des aides \u00e0 la formation.<\/p><p class=\"\" data-start=\"2360\" data-end=\"2471\"><a class=\"\" href=\"https:\/\/www.meformerenregion.fr\/recherche\/dispositif?k=\" target=\"_new\" rel=\"noopener\" data-start=\"2363\" data-end=\"2471\">Consulter le portail de la R\u00e9gion<\/a><\/p><p class=\"\" data-start=\"2360\" data-end=\"2471\">Prenez rendez-vous dans un <strong data-start=\"2500\" data-end=\"2557\">point d\u2019accueil, d\u2019orientation ou de conseil r\u00e9gional<\/strong> pour exposer votre projet et explorer les financements mobilisables.<\/p>\t\t\t\t\t\t\t\t<\/div>\n\t\t\t\t<\/div>\n\t\t\t\t<div class=\"elementor-element elementor-element-c292a35 elementor-widget elementor-widget-spacer\" data-id=\"c292a35\" data-element_type=\"widget\" data-e-type=\"widget\" data-widget_type=\"spacer.default\">\n\t\t\t\t<div class=\"elementor-widget-container\">\n\t\t\t\t\t\t\t<div class=\"elementor-spacer\">\n\t\t\t<div class=\"elementor-spacer-inner\"><\/div>\n\t\t<\/div>\n\t\t\t\t\t\t<\/div>\n\t\t\t\t<\/div>\n\t\t\t\t<div class=\"elementor-element elementor-element-4b19ca0 elementor-widget elementor-widget-heading\" data-id=\"4b19ca0\" data-element_type=\"widget\" data-e-type=\"widget\" data-widget_type=\"heading.default\">\n\t\t\t\t<div class=\"elementor-widget-container\">\n\t\t\t\t\t<h2 class=\"elementor-heading-title elementor-size-default\">Pour les salari\u00e9\u00b7es<\/h2>\t\t\t\t<\/div>\n\t\t\t\t<\/div>\n\t\t\t\t<div class=\"elementor-element elementor-element-8e88f8e elementor-widget-divider--view-line elementor-widget elementor-widget-divider\" data-id=\"8e88f8e\" data-element_type=\"widget\" data-e-type=\"widget\" data-widget_type=\"divider.default\">\n\t\t\t\t<div class=\"elementor-widget-container\">\n\t\t\t\t\t\t\t<div class=\"elementor-divider\">\n\t\t\t<span class=\"elementor-divider-separator\">\n\t\t\t\t\t\t<\/span>\n\t\t<\/div>\n\t\t\t\t\t\t<\/div>\n\t\t\t\t<\/div>\n\t\t\t\t<div class=\"elementor-element elementor-element-c447340 elementor-widget elementor-widget-text-editor\" data-id=\"c447340\" data-element_type=\"widget\" data-e-type=\"widget\" data-widget_type=\"text-editor.default\">\n\t\t\t\t<div class=\"elementor-widget-container\">\n\t\t\t\t\t\t\t\t\t<h4 class=\"\" data-start=\"2667\" data-end=\"2724\">&gt;&gt;&gt;Plan de d\u00e9veloppement des comp\u00e9tences (entreprise)<\/h4><p class=\"\" data-start=\"2725\" data-end=\"2934\">Les salari\u00e9\u00b7es en CDI ou CDD peuvent b\u00e9n\u00e9ficier de formations financ\u00e9es par leur employeur dans le cadre du <strong data-start=\"2833\" data-end=\"2874\">plan de d\u00e9veloppement des comp\u00e9tences<\/strong>.<br data-start=\"2875\" data-end=\"2878\" \/>Rapprochez-vous de votre direction ou service formation.<\/p><h4 data-start=\"2936\" data-end=\"2978\">\u00a0<\/h4><h4 class=\"\" data-start=\"2936\" data-end=\"2978\">&gt;&gt;&gt;Compte Personnel de Formation (CPF)<\/h4><p class=\"\" data-start=\"2979\" data-end=\"3213\">Votre CPF est cr\u00e9dit\u00e9 chaque ann\u00e9e et peut \u00eatre mobilis\u00e9 \u00e0 votre initiative pour suivre une formation <strong data-start=\"3081\" data-end=\"3110\">certifiante ou dipl\u00f4mante<\/strong>.<br data-start=\"3111\" data-end=\"3114\" \/>Cr\u00e9ez votre compte sur \ud83d\udc49 <a class=\"\" href=\"https:\/\/www.moncompteformation.gouv.fr\/\" target=\"_new\" rel=\"noopener\" data-start=\"3140\" data-end=\"3213\">www.moncompteformation.gouv.fr<\/a><\/p><h4 data-start=\"3215\" data-end=\"3264\">\u00a0<\/h4><h4 class=\"\" data-start=\"3215\" data-end=\"3264\">&gt;&gt;&gt;Projet de Transition Professionnelle (PTP)<\/h4><p class=\"\" data-start=\"3265\" data-end=\"3389\">Si vous souhaitez vous reconvertir, vous pouvez demander un financement PTP pour suivre une formation longue et certifiante.<\/p><p class=\"\" data-start=\"3391\" data-end=\"3560\">Vous devez contacter l\u2019association <strong data-start=\"3426\" data-end=\"3445\">Transitions Pro<\/strong> de votre r\u00e9gion.<br data-start=\"3462\" data-end=\"3465\" \/>\ud83d\udd17 <a class=\"\" href=\"https:\/\/www.moncompteformation.gouv.fr\/\" target=\"_new\" rel=\"noopener\" data-start=\"3468\" data-end=\"3560\">Liste des formations \u00e9ligibles sur le site du CPF<\/a><\/p>\t\t\t\t\t\t\t\t<\/div>\n\t\t\t\t<\/div>\n\t\t\t\t<div class=\"elementor-element elementor-element-7cce5c6 elementor-widget elementor-widget-spacer\" data-id=\"7cce5c6\" data-element_type=\"widget\" data-e-type=\"widget\" data-widget_type=\"spacer.default\">\n\t\t\t\t<div class=\"elementor-widget-container\">\n\t\t\t\t\t\t\t<div class=\"elementor-spacer\">\n\t\t\t<div class=\"elementor-spacer-inner\"><\/div>\n\t\t<\/div>\n\t\t\t\t\t\t<\/div>\n\t\t\t\t<\/div>\n\t\t\t\t\t<\/div>\n\t\t\t\t<\/div>\n\t\t\t\t<\/div>\n\t\t","protected":false},"excerpt":{"rendered":"<p>FINANCER SA FORMATION Le financement d\u2019une formation professionnelle d\u00e9pend de votre statut (salari\u00e9\u00b7e, intermittent\u00b7e, demandeur\u00b7euse d\u2019emploi, etc.), de votre projet, et du type de formation vis\u00e9e. Voici les principaux dispositifs existants pour vous aider \u00e0 concr\u00e9tiser votre parcours de formation dans les m\u00e9tiers techniques du spectacle vivant. Pour les intermittents du spectacle Vous pouvez faire [&hellip;]<\/p>\n","protected":false},"author":1,"featured_media":0,"parent":0,"menu_order":0,"comment_status":"closed","ping_status":"closed","template":"","meta":{"om_disable_all_campaigns":false,"_monsterinsights_skip_tracking":false,"_monsterinsights_sitenote_active":false,"_monsterinsights_sitenote_note":"","_monsterinsights_sitenote_category":0,"_themeisle_gutenberg_block_has_review":false,"_ti_tpc_template_sync":false,"_ti_tpc_template_id":"","footnotes":""},"class_list":["post-3027","page","type-page","status-publish","hentry"],"blocksy_meta":[],"aioseo_notices":[],"_links":{"self":[{"href":"https:\/\/touteslesficelles.com\/index.php?rest_route=\/wp\/v2\/pages\/3027","targetHints":{"allow":["GET"]}}],"collection":[{"href":"https:\/\/touteslesficelles.com\/index.php?rest_route=\/wp\/v2\/pages"}],"about":[{"href":"https:\/\/touteslesficelles.com\/index.php?rest_route=\/wp\/v2\/types\/page"}],"author":[{"embeddable":true,"href":"https:\/\/touteslesficelles.com\/index.php?rest_route=\/wp\/v2\/users\/1"}],"replies":[{"embeddable":true,"href":"https:\/\/touteslesficelles.com\/index.php?rest_route=%2Fwp%2Fv2%2Fcomments&post=3027"}],"version-history":[{"count":4,"href":"https:\/\/touteslesficelles.com\/index.php?rest_route=\/wp\/v2\/pages\/3027\/revisions"}],"predecessor-version":[{"id":3034,"href":"https:\/\/touteslesficelles.com\/index.php?rest_route=\/wp\/v2\/pages\/3027\/revisions\/3034"}],"wp:attachment":[{"href":"https:\/\/touteslesficelles.com\/index.php?rest_route=%2Fwp%2Fv2%2Fmedia&parent=3027"}],"curies":[{"name":"wp","href":"https:\/\/api.w.org\/{rel}","templated":true}]}}