{"id":3041,"date":"2025-04-18T12:32:19","date_gmt":"2025-04-18T10:32:19","guid":{"rendered":"https:\/\/touteslesficelles.com\/?page_id=3041"},"modified":"2025-04-18T12:50:51","modified_gmt":"2025-04-18T10:50:51","slug":"demarches-dinscription","status":"publish","type":"page","link":"https:\/\/touteslesficelles.com\/?page_id=3041","title":{"rendered":"D\u00e9marches d&rsquo;inscription"},"content":{"rendered":"\t\t<div data-elementor-type=\"wp-page\" data-elementor-id=\"3041\" class=\"elementor elementor-3041\" data-elementor-post-type=\"page\">\n\t\t\t\t<div class=\"elementor-element elementor-element-494df8e1 e-flex e-con-boxed e-con e-parent\" data-id=\"494df8e1\" data-element_type=\"container\" data-e-type=\"container\" data-settings=\"{&quot;background_background&quot;:&quot;classic&quot;}\">\n\t\t\t\t\t<div class=\"e-con-inner\">\n\t\t\t\t<div class=\"elementor-element elementor-element-5e3b24f elementor-widget elementor-widget-spacer\" data-id=\"5e3b24f\" data-element_type=\"widget\" data-e-type=\"widget\" data-widget_type=\"spacer.default\">\n\t\t\t\t<div class=\"elementor-widget-container\">\n\t\t\t\t\t\t\t<div class=\"elementor-spacer\">\n\t\t\t<div class=\"elementor-spacer-inner\"><\/div>\n\t\t<\/div>\n\t\t\t\t\t\t<\/div>\n\t\t\t\t<\/div>\n\t\t\t\t<div class=\"elementor-element elementor-element-3b210ccc elementor-widget elementor-widget-heading\" data-id=\"3b210ccc\" data-element_type=\"widget\" data-e-type=\"widget\" data-widget_type=\"heading.default\">\n\t\t\t\t<div class=\"elementor-widget-container\">\n\t\t\t\t\t<h2 class=\"elementor-heading-title elementor-size-default\">DEMARCHES D'INSCRIPTION<\/h2>\t\t\t\t<\/div>\n\t\t\t\t<\/div>\n\t\t\t\t<div class=\"elementor-element elementor-element-b6a0d90 elementor-widget-divider--view-line elementor-widget elementor-widget-divider\" data-id=\"b6a0d90\" data-element_type=\"widget\" data-e-type=\"widget\" data-widget_type=\"divider.default\">\n\t\t\t\t<div class=\"elementor-widget-container\">\n\t\t\t\t\t\t\t<div class=\"elementor-divider\">\n\t\t\t<span class=\"elementor-divider-separator\">\n\t\t\t\t\t\t<\/span>\n\t\t<\/div>\n\t\t\t\t\t\t<\/div>\n\t\t\t\t<\/div>\n\t\t\t\t<div class=\"elementor-element elementor-element-2320c416 elementor-widget elementor-widget-spacer\" data-id=\"2320c416\" data-element_type=\"widget\" data-e-type=\"widget\" data-widget_type=\"spacer.default\">\n\t\t\t\t<div class=\"elementor-widget-container\">\n\t\t\t\t\t\t\t<div class=\"elementor-spacer\">\n\t\t\t<div class=\"elementor-spacer-inner\"><\/div>\n\t\t<\/div>\n\t\t\t\t\t\t<\/div>\n\t\t\t\t<\/div>\n\t\t\t\t\t<\/div>\n\t\t\t\t<\/div>\n\t\t<div class=\"elementor-element elementor-element-29a78b15 e-flex e-con-boxed e-con e-parent\" data-id=\"29a78b15\" data-element_type=\"container\" data-e-type=\"container\">\n\t\t\t\t\t<div class=\"e-con-inner\">\n\t\t\t\t<div class=\"elementor-element elementor-element-26b56f9 elementor-widget elementor-widget-text-editor\" data-id=\"26b56f9\" data-element_type=\"widget\" data-e-type=\"widget\" data-widget_type=\"text-editor.default\">\n\t\t\t\t<div class=\"elementor-widget-container\">\n\t\t\t\t\t\t\t\t\t<p>Avant toute inscription, l\u2019\u00e9quipe Ficel\u00b7le\u00b7s peut vous accompagner dans le choix d\u2019une formation adapt\u00e9e \u00e0 votre <strong data-start=\"396\" data-end=\"420\">projet professionnel<\/strong> et \u00e0 votre <strong data-start=\"432\" data-end=\"454\">parcours personnel<\/strong>.<br data-start=\"455\" data-end=\"458\" \/>Des <strong data-start=\"462\" data-end=\"488\">entretiens individuels<\/strong> peuvent \u00eatre propos\u00e9s pour vous aider \u00e0 pr\u00e9ciser vos objectifs et identifier la formation la plus pertinente.<\/p>\t\t\t\t\t\t\t\t<\/div>\n\t\t\t\t<\/div>\n\t\t\t\t<div class=\"elementor-element elementor-element-1c07667a elementor-widget elementor-widget-spacer\" data-id=\"1c07667a\" data-element_type=\"widget\" data-e-type=\"widget\" data-widget_type=\"spacer.default\">\n\t\t\t\t<div class=\"elementor-widget-container\">\n\t\t\t\t\t\t\t<div class=\"elementor-spacer\">\n\t\t\t<div class=\"elementor-spacer-inner\"><\/div>\n\t\t<\/div>\n\t\t\t\t\t\t<\/div>\n\t\t\t\t<\/div>\n\t\t\t\t<div class=\"elementor-element elementor-element-3cb66126 elementor-widget elementor-widget-heading\" data-id=\"3cb66126\" data-element_type=\"widget\" data-e-type=\"widget\" data-widget_type=\"heading.default\">\n\t\t\t\t<div class=\"elementor-widget-container\">\n\t\t\t\t\t<h2 class=\"elementor-heading-title elementor-size-default\">Pr\u00e9requis p\u00e9dagogiques<\/h2>\t\t\t\t<\/div>\n\t\t\t\t<\/div>\n\t\t\t\t<div class=\"elementor-element elementor-element-3918e9f0 elementor-widget-divider--view-line elementor-widget elementor-widget-divider\" data-id=\"3918e9f0\" data-element_type=\"widget\" data-e-type=\"widget\" data-widget_type=\"divider.default\">\n\t\t\t\t<div class=\"elementor-widget-container\">\n\t\t\t\t\t\t\t<div class=\"elementor-divider\">\n\t\t\t<span class=\"elementor-divider-separator\">\n\t\t\t\t\t\t<\/span>\n\t\t<\/div>\n\t\t\t\t\t\t<\/div>\n\t\t\t\t<\/div>\n\t\t\t\t<div class=\"elementor-element elementor-element-2823df94 elementor-widget elementor-widget-text-editor\" data-id=\"2823df94\" data-element_type=\"widget\" data-e-type=\"widget\" data-widget_type=\"text-editor.default\">\n\t\t\t\t<div class=\"elementor-widget-container\">\n\t\t\t\t\t\t\t\t\t<p class=\"\" data-start=\"634\" data-end=\"719\">Chaque formation est soumise \u00e0 des <strong data-start=\"669\" data-end=\"703\">conditions d\u2019acc\u00e8s sp\u00e9cifiques<\/strong> (pr\u00e9requis) :<\/p><ul data-start=\"720\" data-end=\"999\"><li class=\"\" data-start=\"720\" data-end=\"837\"><p class=\"\" data-start=\"722\" data-end=\"837\">Certaines s\u2019adressent \u00e0 des publics d\u00e9butants, d\u2019autres n\u00e9cessitent une <strong data-start=\"794\" data-end=\"834\">exp\u00e9rience professionnelle pr\u00e9alable<\/strong>.<\/p><\/li><li class=\"\" data-start=\"838\" data-end=\"914\"><p class=\"\" data-start=\"840\" data-end=\"914\">La majorit\u00e9 des stages requiert <strong data-start=\"872\" data-end=\"911\">l\u2019\u00e9tude du dossier de candidature<\/strong>.<\/p><\/li><li class=\"\" data-start=\"915\" data-end=\"999\"><p class=\"\" data-start=\"917\" data-end=\"999\">Certains peuvent impliquer d&rsquo;autres\u00a0<strong data-start=\"947\" data-end=\"961\">tests <\/strong>et\/ou un <strong data-start=\"971\" data-end=\"998\">entretien de motivation<\/strong>.<\/p><\/li><\/ul><p class=\"\" data-start=\"1001\" data-end=\"1134\">Si les crit\u00e8res d\u2019admission ne sont pas remplis, une <strong data-start=\"1054\" data-end=\"1094\">orientation vers une autre formation<\/strong> plus adapt\u00e9e pourra vous \u00eatre propos\u00e9e.<\/p>\t\t\t\t\t\t\t\t<\/div>\n\t\t\t\t<\/div>\n\t\t\t\t<div class=\"elementor-element elementor-element-263fcbc3 elementor-widget elementor-widget-spacer\" data-id=\"263fcbc3\" data-element_type=\"widget\" data-e-type=\"widget\" data-widget_type=\"spacer.default\">\n\t\t\t\t<div class=\"elementor-widget-container\">\n\t\t\t\t\t\t\t<div class=\"elementor-spacer\">\n\t\t\t<div class=\"elementor-spacer-inner\"><\/div>\n\t\t<\/div>\n\t\t\t\t\t\t<\/div>\n\t\t\t\t<\/div>\n\t\t\t\t<div class=\"elementor-element elementor-element-6779bccd elementor-widget elementor-widget-heading\" data-id=\"6779bccd\" data-element_type=\"widget\" data-e-type=\"widget\" data-widget_type=\"heading.default\">\n\t\t\t\t<div class=\"elementor-widget-container\">\n\t\t\t\t\t<h2 class=\"elementor-heading-title elementor-size-default\">Inscription<\/h2>\t\t\t\t<\/div>\n\t\t\t\t<\/div>\n\t\t\t\t<div class=\"elementor-element elementor-element-72616f4d elementor-widget-divider--view-line elementor-widget elementor-widget-divider\" data-id=\"72616f4d\" data-element_type=\"widget\" data-e-type=\"widget\" data-widget_type=\"divider.default\">\n\t\t\t\t<div class=\"elementor-widget-container\">\n\t\t\t\t\t\t\t<div class=\"elementor-divider\">\n\t\t\t<span class=\"elementor-divider-separator\">\n\t\t\t\t\t\t<\/span>\n\t\t<\/div>\n\t\t\t\t\t\t<\/div>\n\t\t\t\t<\/div>\n\t\t\t\t<div class=\"elementor-element elementor-element-215131e7 elementor-widget elementor-widget-text-editor\" data-id=\"215131e7\" data-element_type=\"widget\" data-e-type=\"widget\" data-widget_type=\"text-editor.default\">\n\t\t\t\t<div class=\"elementor-widget-container\">\n\t\t\t\t\t\t\t\t\t<p class=\"\" data-start=\"1160\" data-end=\"1207\">Pour vous inscrire \u00e0 une formation Ficel\u00b7le\u00b7s :<\/p><ol data-start=\"1209\" data-end=\"1686\"><li class=\"\" data-start=\"1209\" data-end=\"1322\"><p class=\"\" data-start=\"1212\" data-end=\"1322\"><strong data-start=\"1212\" data-end=\"1253\">T\u00e9l\u00e9chargez le dossier de candidature<\/strong> sur notre site ou <strong data-start=\"1272\" data-end=\"1287\">demandez-le<\/strong> par mail.<\/p><\/li><li class=\"\" data-start=\"1323\" data-end=\"1364\"><p class=\"\" data-start=\"1326\" data-end=\"1364\"><strong data-start=\"1326\" data-end=\"1340\">Remplissez<\/strong> le dossier avec soin.<\/p><\/li><li class=\"\" data-start=\"1365\" data-end=\"1686\"><p class=\"\" data-start=\"1368\" data-end=\"1462\"><strong data-start=\"1368\" data-end=\"1382\">Envoyez-le<\/strong>, accompagn\u00e9 des pi\u00e8ces demand\u00e9es (CV, lettre de motivation, photo d\u2019identit\u00e9) :<\/p><ul data-start=\"1466\" data-end=\"1686\"><li class=\"\" data-start=\"1466\" data-end=\"1556\"><p class=\"\" data-start=\"1468\" data-end=\"1556\">par courrier :<br data-start=\"1482\" data-end=\"1485\" \/><strong data-start=\"1490\" data-end=\"1554\">Ficel\u00b7le\u00b7s \u2013 33, rue de Belleville &#8211; 31200 TOULOUSE<\/strong><\/p><\/li><li class=\"\" data-start=\"1560\" data-end=\"1686\"><p class=\"\" data-start=\"1562\" data-end=\"1686\">ou par mail :<br data-start=\"1575\" data-end=\"1578\" \/><a href=\"mailto:lafabriquedesficelles@gmail.com\"><span style=\"color: #000000;\"><span style=\"text-transform: capitalize;\">lafabriquedesficelle@gmail.com<\/span><\/span><br data-start=\"1609\" data-end=\"1612\" \/><\/a>(le dossier complet en <strong data-start=\"1640\" data-end=\"1654\">PDF unique<\/strong>, pi\u00e8ces compl\u00e9mentaires \u00e0 part)<\/p><\/li><\/ul><\/li><\/ol>\t\t\t\t\t\t\t\t<\/div>\n\t\t\t\t<\/div>\n\t\t\t\t<div class=\"elementor-element elementor-element-1ce23462 elementor-widget elementor-widget-spacer\" data-id=\"1ce23462\" data-element_type=\"widget\" data-e-type=\"widget\" data-widget_type=\"spacer.default\">\n\t\t\t\t<div class=\"elementor-widget-container\">\n\t\t\t\t\t\t\t<div class=\"elementor-spacer\">\n\t\t\t<div class=\"elementor-spacer-inner\"><\/div>\n\t\t<\/div>\n\t\t\t\t\t\t<\/div>\n\t\t\t\t<\/div>\n\t\t\t\t<div class=\"elementor-element elementor-element-66da850b elementor-widget elementor-widget-heading\" data-id=\"66da850b\" data-element_type=\"widget\" data-e-type=\"widget\" data-widget_type=\"heading.default\">\n\t\t\t\t<div class=\"elementor-widget-container\">\n\t\t\t\t\t<h2 class=\"elementor-heading-title elementor-size-default\">Prise en charge financi\u00e8re<\/h2>\t\t\t\t<\/div>\n\t\t\t\t<\/div>\n\t\t\t\t<div class=\"elementor-element elementor-element-2a17bcdd elementor-widget-divider--view-line elementor-widget elementor-widget-divider\" data-id=\"2a17bcdd\" data-element_type=\"widget\" data-e-type=\"widget\" data-widget_type=\"divider.default\">\n\t\t\t\t<div class=\"elementor-widget-container\">\n\t\t\t\t\t\t\t<div class=\"elementor-divider\">\n\t\t\t<span class=\"elementor-divider-separator\">\n\t\t\t\t\t\t<\/span>\n\t\t<\/div>\n\t\t\t\t\t\t<\/div>\n\t\t\t\t<\/div>\n\t\t\t\t<div class=\"elementor-element elementor-element-373e917 elementor-widget elementor-widget-text-editor\" data-id=\"373e917\" data-element_type=\"widget\" data-e-type=\"widget\" data-widget_type=\"text-editor.default\">\n\t\t\t\t<div class=\"elementor-widget-container\">\n\t\t\t\t\t\t\t\t\t<p class=\"\" data-start=\"1726\" data-end=\"1951\">En parall\u00e8le de votre inscription, <strong data-start=\"1761\" data-end=\"1801\">entamez vos d\u00e9marches de financement<\/strong> (Afdas, CPF, P\u00f4le emploi, R\u00e9gion, etc.).<br data-start=\"1842\" data-end=\"1845\" \/>Consultez notre <a class=\"\" href=\"https:\/\/touteslesficelles.com\/?page_id=3027\" rel=\"noopener\" data-start=\"1861\" data-end=\"1894\">page d\u00e9di\u00e9e aux financements<\/a> pour conna\u00eetre les aides disponibles selon votre statut.<\/p><p class=\"\" data-start=\"1953\" data-end=\"2036\">Certaines d\u00e9marches peuvent prendre du temps : <strong data-start=\"2002\" data-end=\"2036\">anticipez autant que possible.<\/strong><\/p>\t\t\t\t\t\t\t\t<\/div>\n\t\t\t\t<\/div>\n\t\t\t\t<div class=\"elementor-element elementor-element-102c77 elementor-widget elementor-widget-spacer\" data-id=\"102c77\" data-element_type=\"widget\" data-e-type=\"widget\" data-widget_type=\"spacer.default\">\n\t\t\t\t<div class=\"elementor-widget-container\">\n\t\t\t\t\t\t\t<div class=\"elementor-spacer\">\n\t\t\t<div class=\"elementor-spacer-inner\"><\/div>\n\t\t<\/div>\n\t\t\t\t\t\t<\/div>\n\t\t\t\t<\/div>\n\t\t\t\t<div class=\"elementor-element elementor-element-4ac9324 elementor-widget elementor-widget-heading\" data-id=\"4ac9324\" data-element_type=\"widget\" data-e-type=\"widget\" data-widget_type=\"heading.default\">\n\t\t\t\t<div class=\"elementor-widget-container\">\n\t\t\t\t\t<h2 class=\"elementor-heading-title elementor-size-default\">Convocation<\/h2>\t\t\t\t<\/div>\n\t\t\t\t<\/div>\n\t\t\t\t<div class=\"elementor-element elementor-element-36b0a898 elementor-widget-divider--view-line elementor-widget elementor-widget-divider\" data-id=\"36b0a898\" data-element_type=\"widget\" data-e-type=\"widget\" data-widget_type=\"divider.default\">\n\t\t\t\t<div class=\"elementor-widget-container\">\n\t\t\t\t\t\t\t<div class=\"elementor-divider\">\n\t\t\t<span class=\"elementor-divider-separator\">\n\t\t\t\t\t\t<\/span>\n\t\t<\/div>\n\t\t\t\t\t\t<\/div>\n\t\t\t\t<\/div>\n\t\t\t\t<div class=\"elementor-element elementor-element-3442dba4 elementor-widget elementor-widget-text-editor\" data-id=\"3442dba4\" data-element_type=\"widget\" data-e-type=\"widget\" data-widget_type=\"text-editor.default\">\n\t\t\t\t<div class=\"elementor-widget-container\">\n\t\t\t\t\t\t\t\t\t<p>Si votre inscription est accept\u00e9e, vous recevrez une <strong data-start=\"2114\" data-end=\"2149\">convocation deux semaines avant<\/strong> le d\u00e9but de la formation.<br data-start=\"2175\" data-end=\"2178\" \/>Vous devez confirmer votre participation <strong data-start=\"2219\" data-end=\"2232\">par retour de mail<\/strong> d\u00e8s r\u00e9ception.<\/p>\t\t\t\t\t\t\t\t<\/div>\n\t\t\t\t<\/div>\n\t\t\t\t<div class=\"elementor-element elementor-element-868bfda elementor-widget elementor-widget-spacer\" data-id=\"868bfda\" data-element_type=\"widget\" data-e-type=\"widget\" data-widget_type=\"spacer.default\">\n\t\t\t\t<div class=\"elementor-widget-container\">\n\t\t\t\t\t\t\t<div class=\"elementor-spacer\">\n\t\t\t<div class=\"elementor-spacer-inner\"><\/div>\n\t\t<\/div>\n\t\t\t\t\t\t<\/div>\n\t\t\t\t<\/div>\n\t\t\t\t<div class=\"elementor-element elementor-element-6011141 elementor-widget elementor-widget-heading\" data-id=\"6011141\" data-element_type=\"widget\" data-e-type=\"widget\" data-widget_type=\"heading.default\">\n\t\t\t\t<div class=\"elementor-widget-container\">\n\t\t\t\t\t<h2 class=\"elementor-heading-title elementor-size-default\">Report, annulation, d\u00e9sistement<\/h2>\t\t\t\t<\/div>\n\t\t\t\t<\/div>\n\t\t\t\t<div class=\"elementor-element elementor-element-1baac3f elementor-widget-divider--view-line elementor-widget elementor-widget-divider\" data-id=\"1baac3f\" data-element_type=\"widget\" data-e-type=\"widget\" data-widget_type=\"divider.default\">\n\t\t\t\t<div class=\"elementor-widget-container\">\n\t\t\t\t\t\t\t<div class=\"elementor-divider\">\n\t\t\t<span class=\"elementor-divider-separator\">\n\t\t\t\t\t\t<\/span>\n\t\t<\/div>\n\t\t\t\t\t\t<\/div>\n\t\t\t\t<\/div>\n\t\t\t\t<div class=\"elementor-element elementor-element-09ff60e elementor-widget elementor-widget-text-editor\" data-id=\"09ff60e\" data-element_type=\"widget\" data-e-type=\"widget\" data-widget_type=\"text-editor.default\">\n\t\t\t\t<div class=\"elementor-widget-container\">\n\t\t\t\t\t\t\t\t\t<ul data-start=\"2292\" data-end=\"2840\"><li class=\"\" data-start=\"2292\" data-end=\"2492\"><p class=\"\" data-start=\"2294\" data-end=\"2492\">Ficel\u00b7le\u00b7s se r\u00e9serve le droit de <strong data-start=\"2328\" data-end=\"2351\">reporter ou annuler<\/strong> une session si le nombre de participant\u00b7es est insuffisant.<br data-start=\"2411\" data-end=\"2414\" \/>Vous en serez inform\u00e9\u00b7e <strong data-start=\"2440\" data-end=\"2471\">au plus tard 15 jours avant<\/strong> le d\u00e9but du stage.<\/p><\/li><li class=\"\" data-start=\"2493\" data-end=\"2741\"><p class=\"\" data-start=\"2495\" data-end=\"2741\">En cas de <strong data-start=\"2505\" data-end=\"2544\">d\u00e9sistement ou report de votre part<\/strong>, vous devez nous pr\u00e9venir <strong data-start=\"2571\" data-end=\"2598\">au moins 15 jours avant<\/strong> le d\u00e9but de la formation.<br data-start=\"2624\" data-end=\"2627\" \/>En l\u2019absence de notification dans les d\u00e9lais, Ficel\u00b7le\u00b7s pourra se r\u00e9server le droit d\u2019agir en cas de pr\u00e9judice.<\/p><\/li><li class=\"\" data-start=\"2742\" data-end=\"2840\"><p class=\"\" data-start=\"2744\" data-end=\"2840\">Tout <strong data-start=\"2749\" data-end=\"2768\">d\u00e9part anticip\u00e9<\/strong> \u00e0 partir du premier jour, quel qu\u2019en soit le motif, doit \u00eatre justifi\u00e9.<\/p><\/li><\/ul>\t\t\t\t\t\t\t\t<\/div>\n\t\t\t\t<\/div>\n\t\t\t\t<div class=\"elementor-element elementor-element-2b5c587 elementor-widget elementor-widget-spacer\" data-id=\"2b5c587\" data-element_type=\"widget\" data-e-type=\"widget\" data-widget_type=\"spacer.default\">\n\t\t\t\t<div class=\"elementor-widget-container\">\n\t\t\t\t\t\t\t<div class=\"elementor-spacer\">\n\t\t\t<div class=\"elementor-spacer-inner\"><\/div>\n\t\t<\/div>\n\t\t\t\t\t\t<\/div>\n\t\t\t\t<\/div>\n\t\t\t\t<div class=\"elementor-element elementor-element-b117692 elementor-widget elementor-widget-heading\" data-id=\"b117692\" data-element_type=\"widget\" data-e-type=\"widget\" data-widget_type=\"heading.default\">\n\t\t\t\t<div class=\"elementor-widget-container\">\n\t\t\t\t\t<h2 class=\"elementor-heading-title elementor-size-default\">Horaires<\/h2>\t\t\t\t<\/div>\n\t\t\t\t<\/div>\n\t\t\t\t<div class=\"elementor-element elementor-element-e11f34f elementor-widget-divider--view-line elementor-widget elementor-widget-divider\" data-id=\"e11f34f\" data-element_type=\"widget\" data-e-type=\"widget\" data-widget_type=\"divider.default\">\n\t\t\t\t<div class=\"elementor-widget-container\">\n\t\t\t\t\t\t\t<div class=\"elementor-divider\">\n\t\t\t<span class=\"elementor-divider-separator\">\n\t\t\t\t\t\t<\/span>\n\t\t<\/div>\n\t\t\t\t\t\t<\/div>\n\t\t\t\t<\/div>\n\t\t\t\t<div class=\"elementor-element elementor-element-7e55e05 elementor-widget elementor-widget-text-editor\" data-id=\"7e55e05\" data-element_type=\"widget\" data-e-type=\"widget\" data-widget_type=\"text-editor.default\">\n\t\t\t\t<div class=\"elementor-widget-container\">\n\t\t\t\t\t\t\t\t\t<p>Les formations se d\u00e9roulent en g\u00e9n\u00e9ral <strong data-start=\"2912\" data-end=\"2927\">entre 9h \u00e0 18h<\/strong>, \u00e0 raison de <strong data-start=\"2941\" data-end=\"2962\">7 heures par jour<\/strong>, sauf indication contraire dans la convocation..<\/p><p>\u00a0<\/p>\t\t\t\t\t\t\t\t<\/div>\n\t\t\t\t<\/div>\n\t\t\t\t<div class=\"elementor-element elementor-element-21cfa131 elementor-widget elementor-widget-spacer\" data-id=\"21cfa131\" data-element_type=\"widget\" data-e-type=\"widget\" data-widget_type=\"spacer.default\">\n\t\t\t\t<div class=\"elementor-widget-container\">\n\t\t\t\t\t\t\t<div class=\"elementor-spacer\">\n\t\t\t<div class=\"elementor-spacer-inner\"><\/div>\n\t\t<\/div>\n\t\t\t\t\t\t<\/div>\n\t\t\t\t<\/div>\n\t\t\t\t\t<\/div>\n\t\t\t\t<\/div>\n\t\t\t\t<\/div>\n\t\t","protected":false},"excerpt":{"rendered":"<p>DEMARCHES D&rsquo;INSCRIPTION Avant toute inscription, l\u2019\u00e9quipe Ficel\u00b7le\u00b7s peut vous accompagner dans le choix d\u2019une formation adapt\u00e9e \u00e0 votre projet professionnel et \u00e0 votre parcours personnel.Des entretiens individuels peuvent \u00eatre propos\u00e9s pour vous aider \u00e0 pr\u00e9ciser vos objectifs et identifier la formation la plus pertinente. Pr\u00e9requis p\u00e9dagogiques Chaque formation est soumise \u00e0 des conditions d\u2019acc\u00e8s sp\u00e9cifiques [&hellip;]<\/p>\n","protected":false},"author":1,"featured_media":0,"parent":0,"menu_order":0,"comment_status":"closed","ping_status":"closed","template":"","meta":{"om_disable_all_campaigns":false,"_monsterinsights_skip_tracking":false,"_monsterinsights_sitenote_active":false,"_monsterinsights_sitenote_note":"","_monsterinsights_sitenote_category":0,"_themeisle_gutenberg_block_has_review":false,"_ti_tpc_template_sync":false,"_ti_tpc_template_id":"","footnotes":""},"class_list":["post-3041","page","type-page","status-publish","hentry"],"blocksy_meta":[],"aioseo_notices":[],"_links":{"self":[{"href":"https:\/\/touteslesficelles.com\/index.php?rest_route=\/wp\/v2\/pages\/3041","targetHints":{"allow":["GET"]}}],"collection":[{"href":"https:\/\/touteslesficelles.com\/index.php?rest_route=\/wp\/v2\/pages"}],"about":[{"href":"https:\/\/touteslesficelles.com\/index.php?rest_route=\/wp\/v2\/types\/page"}],"author":[{"embeddable":true,"href":"https:\/\/touteslesficelles.com\/index.php?rest_route=\/wp\/v2\/users\/1"}],"replies":[{"embeddable":true,"href":"https:\/\/touteslesficelles.com\/index.php?rest_route=%2Fwp%2Fv2%2Fcomments&post=3041"}],"version-history":[{"count":13,"href":"https:\/\/touteslesficelles.com\/index.php?rest_route=\/wp\/v2\/pages\/3041\/revisions"}],"predecessor-version":[{"id":3058,"href":"https:\/\/touteslesficelles.com\/index.php?rest_route=\/wp\/v2\/pages\/3041\/revisions\/3058"}],"wp:attachment":[{"href":"https:\/\/touteslesficelles.com\/index.php?rest_route=%2Fwp%2Fv2%2Fmedia&parent=3041"}],"curies":[{"name":"wp","href":"https:\/\/api.w.org\/{rel}","templated":true}]}}